{"id":418,"date":"2023-01-26T02:04:30","date_gmt":"2023-01-26T01:04:30","guid":{"rendered":"https:\/\/endointegra.com\/?page_id=418"},"modified":"2023-08-21T14:02:58","modified_gmt":"2023-08-21T12:02:58","slug":"masaza","status":"publish","type":"page","link":"https:\/\/fizio-misura.com\/?page_id=418","title":{"rendered":"Mi\u0161i\u0107no- ko\u0161tana terapija"},"content":{"rendered":"<h5><strong>Tretman bolova i tegoba mi\u0161i\u0107no- ko\u0161tanog sustava poput:<\/strong><\/h5>\n<h4>&#8211; bolova u vratu i ramenima<\/h4>\n<h4>&#8211; kri\u017eobolje<\/h4>\n<h4>&#8211; glavobolja<\/h4>\n<h4>&#8211; diskus hernije\/i\u0161ijasa<\/h4>\n<h4>&#8211; vrtoglavica<\/h4>\n<h4>&#8211; bolova u koljenu<\/h4>\n<h4>&#8211; cerviko- brahijalnog sindroma<\/h4>\n<h4>&#8211; plantarnog fascitisa<\/h4>\n<h4>&#8211; teniskog\/golferskog lakata<\/h4>\n<h4>&#8211; uganu\u0107a gle\u017enja<\/h4>\n<h4>&#8211; sindroma smrznutog ramena<\/h4>\n<h4>&#8211; bolova u mi\u0161i\u0107ima<\/h4>\n<p>Metode za uklanjanje boli i oporavak uklju\u010duju terapijske vje\u017ebe, tehnike manualne terapije\u00a0(kao \u0161to su mobilizacija zglobova i mobilizacija mekih tkiva), edukaciju i savjete o prevenciji ozljeda i bolova. Vi\u0161e o tome pro\u010ditajte u opisu <a href=\"https:\/\/endointegra.com\/?page_id=337\">na\u010dina rada.<\/a><\/p>\n","protected":false},"excerpt":{"rendered":"<p>Tretman bolova i tegoba mi\u0161i\u0107no- ko\u0161tanog sustava poput: &#8211; bolova u vratu i ramenima &#8211; kri\u017eobolje &#8211; glavobolja &#8211; diskus hernije\/i\u0161ijasa &#8211; vrtoglavica &#8211; bolova u koljenu &#8211; cerviko- brahijalnog &hellip; <\/p>\n","protected":false},"author":1,"featured_media":849,"parent":0,"menu_order":0,"comment_status":"closed","ping_status":"closed","template":"","meta":{"footnotes":""},"class_list":["post-418","page","type-page","status-publish","has-post-thumbnail","hentry","latest_post"],"yoast_head":"<!-- This site is optimized with the Yoast SEO plugin v27.5 - https:\/\/yoast.com\/product\/yoast-seo-wordpress\/ -->\n<title>Mi\u0161i\u0107no- ko\u0161tana terapija - Viktorija Mi&scaron;ura Consult &amp; Therapy<\/title>\n<meta name=\"description\" content=\"Masa\u017ea i ru\u010dna limfna drena\u017ea za smanjenje napetosti i opu\u0161tanje te kao tretman boli uzrokovan tenzijom mi\u0161i\u0107a.\" \/>\n<meta name=\"robots\" content=\"index, follow, max-snippet:-1, max-image-preview:large, max-video-preview:-1\" \/>\n<link rel=\"canonical\" href=\"https:\/\/fizio-misura.com\/?page_id=418\" \/>\n<meta property=\"og:locale\" content=\"hr_HR\" \/>\n<meta property=\"og:type\" content=\"article\" \/>\n<meta property=\"og:title\" content=\"Mi\u0161i\u0107no- ko\u0161tana terapija - Viktorija Mi&scaron;ura Consult &amp; Therapy\" \/>\n<meta property=\"og:description\" content=\"Masa\u017ea i ru\u010dna limfna drena\u017ea za smanjenje napetosti i opu\u0161tanje te kao tretman boli uzrokovan tenzijom mi\u0161i\u0107a.\" \/>\n<meta property=\"og:url\" content=\"https:\/\/fizio-misura.com\/?page_id=418\" \/>\n<meta property=\"og:site_name\" content=\"Viktorija Mi&scaron;ura Consult &amp; Therapy\" \/>\n<meta property=\"article:modified_time\" content=\"2023-08-21T12:02:58+00:00\" \/>\n<meta property=\"og:image\" content=\"https:\/\/fizio-misura.com\/wp-content\/uploads\/2023\/02\/pexels-elina-fairytale-3865796-scaled.jpg\" \/>\n\t<meta property=\"og:image:width\" content=\"2560\" \/>\n\t<meta property=\"og:image:height\" content=\"1707\" \/>\n\t<meta property=\"og:image:type\" content=\"image\/jpeg\" \/>\n<meta name=\"twitter:card\" content=\"summary_large_image\" \/>\n<meta name=\"twitter:label1\" content=\"Procijenjeno vrijeme \u010ditanja\" \/>\n\t<meta name=\"twitter:data1\" content=\"1 minuta\" \/>\n<script type=\"application\/ld+json\" class=\"yoast-schema-graph\">{\"@context\":\"https:\\\/\\\/schema.org\",\"@graph\":[{\"@type\":\"WebPage\",\"@id\":\"https:\\\/\\\/fizio-misura.com\\\/?page_id=418\",\"url\":\"https:\\\/\\\/fizio-misura.com\\\/?page_id=418\",\"name\":\"Mi\u0161i\u0107no- ko\u0161tana terapija - Viktorija Mi&scaron;ura Consult &amp; Therapy\",\"isPartOf\":{\"@id\":\"https:\\\/\\\/fizio-misura.com\\\/#website\"},\"primaryImageOfPage\":{\"@id\":\"https:\\\/\\\/fizio-misura.com\\\/?page_id=418#primaryimage\"},\"image\":{\"@id\":\"https:\\\/\\\/fizio-misura.com\\\/?page_id=418#primaryimage\"},\"thumbnailUrl\":\"https:\\\/\\\/fizio-misura.com\\\/wp-content\\\/uploads\\\/2023\\\/02\\\/pexels-elina-fairytale-3865796-scaled.jpg\",\"datePublished\":\"2023-01-26T01:04:30+00:00\",\"dateModified\":\"2023-08-21T12:02:58+00:00\",\"description\":\"Masa\u017ea i ru\u010dna limfna drena\u017ea za smanjenje napetosti i opu\u0161tanje te kao tretman boli uzrokovan tenzijom mi\u0161i\u0107a.\",\"breadcrumb\":{\"@id\":\"https:\\\/\\\/fizio-misura.com\\\/?page_id=418#breadcrumb\"},\"inLanguage\":\"hr\",\"potentialAction\":[{\"@type\":\"ReadAction\",\"target\":[\"https:\\\/\\\/fizio-misura.com\\\/?page_id=418\"]}]},{\"@type\":\"ImageObject\",\"inLanguage\":\"hr\",\"@id\":\"https:\\\/\\\/fizio-misura.com\\\/?page_id=418#primaryimage\",\"url\":\"https:\\\/\\\/fizio-misura.com\\\/wp-content\\\/uploads\\\/2023\\\/02\\\/pexels-elina-fairytale-3865796-scaled.jpg\",\"contentUrl\":\"https:\\\/\\\/fizio-misura.com\\\/wp-content\\\/uploads\\\/2023\\\/02\\\/pexels-elina-fairytale-3865796-scaled.jpg\",\"width\":2560,\"height\":1707},{\"@type\":\"BreadcrumbList\",\"@id\":\"https:\\\/\\\/fizio-misura.com\\\/?page_id=418#breadcrumb\",\"itemListElement\":[{\"@type\":\"ListItem\",\"position\":1,\"name\":\"Po\u010detna stranica\",\"item\":\"https:\\\/\\\/fizio-misura.com\\\/\"},{\"@type\":\"ListItem\",\"position\":2,\"name\":\"Mi\u0161i\u0107no- ko\u0161tana terapija\"}]},{\"@type\":\"WebSite\",\"@id\":\"https:\\\/\\\/fizio-misura.com\\\/#website\",\"url\":\"https:\\\/\\\/fizio-misura.com\\\/\",\"name\":\"Viktorija Mi&scaron;ura Consult &amp; Therapy\",\"description\":\"\",\"publisher\":{\"@id\":\"https:\\\/\\\/fizio-misura.com\\\/#organization\"},\"potentialAction\":[{\"@type\":\"SearchAction\",\"target\":{\"@type\":\"EntryPoint\",\"urlTemplate\":\"https:\\\/\\\/fizio-misura.com\\\/?s={search_term_string}\"},\"query-input\":{\"@type\":\"PropertyValueSpecification\",\"valueRequired\":true,\"valueName\":\"search_term_string\"}}],\"inLanguage\":\"hr\"},{\"@type\":\"Organization\",\"@id\":\"https:\\\/\\\/fizio-misura.com\\\/#organization\",\"name\":\"Viktorija Mi&scaron;ura Consult &amp; Therapy\",\"url\":\"https:\\\/\\\/fizio-misura.com\\\/\",\"logo\":{\"@type\":\"ImageObject\",\"inLanguage\":\"hr\",\"@id\":\"https:\\\/\\\/fizio-misura.com\\\/#\\\/schema\\\/logo\\\/image\\\/\",\"url\":\"https:\\\/\\\/fizio-misura.com\\\/wp-content\\\/uploads\\\/2024\\\/07\\\/Horizontal-Full-Lockup-Monotone-Black.jpg\",\"contentUrl\":\"https:\\\/\\\/fizio-misura.com\\\/wp-content\\\/uploads\\\/2024\\\/07\\\/Horizontal-Full-Lockup-Monotone-Black.jpg\",\"width\":1380,\"height\":403,\"caption\":\"Viktorija Mi&scaron;ura Consult &amp; Therapy\"},\"image\":{\"@id\":\"https:\\\/\\\/fizio-misura.com\\\/#\\\/schema\\\/logo\\\/image\\\/\"}}]}<\/script>\n<!-- \/ Yoast SEO plugin. -->","yoast_head_json":{"title":"Mi\u0161i\u0107no- ko\u0161tana terapija - Viktorija Mi&scaron;ura Consult &amp; Therapy","description":"Masa\u017ea i ru\u010dna limfna drena\u017ea za smanjenje napetosti i opu\u0161tanje te kao tretman boli uzrokovan tenzijom mi\u0161i\u0107a.","robots":{"index":"index","follow":"follow","max-snippet":"max-snippet:-1","max-image-preview":"max-image-preview:large","max-video-preview":"max-video-preview:-1"},"canonical":"https:\/\/fizio-misura.com\/?page_id=418","og_locale":"hr_HR","og_type":"article","og_title":"Mi\u0161i\u0107no- ko\u0161tana terapija - Viktorija Mi&scaron;ura Consult &amp; Therapy","og_description":"Masa\u017ea i ru\u010dna limfna drena\u017ea za smanjenje napetosti i opu\u0161tanje te kao tretman boli uzrokovan tenzijom mi\u0161i\u0107a.","og_url":"https:\/\/fizio-misura.com\/?page_id=418","og_site_name":"Viktorija Mi&scaron;ura Consult &amp; Therapy","article_modified_time":"2023-08-21T12:02:58+00:00","og_image":[{"width":2560,"height":1707,"url":"https:\/\/fizio-misura.com\/wp-content\/uploads\/2023\/02\/pexels-elina-fairytale-3865796-scaled.jpg","type":"image\/jpeg"}],"twitter_card":"summary_large_image","twitter_misc":{"Procijenjeno vrijeme \u010ditanja":"1 minuta"},"schema":{"@context":"https:\/\/schema.org","@graph":[{"@type":"WebPage","@id":"https:\/\/fizio-misura.com\/?page_id=418","url":"https:\/\/fizio-misura.com\/?page_id=418","name":"Mi\u0161i\u0107no- ko\u0161tana terapija - Viktorija Mi&scaron;ura Consult &amp; Therapy","isPartOf":{"@id":"https:\/\/fizio-misura.com\/#website"},"primaryImageOfPage":{"@id":"https:\/\/fizio-misura.com\/?page_id=418#primaryimage"},"image":{"@id":"https:\/\/fizio-misura.com\/?page_id=418#primaryimage"},"thumbnailUrl":"https:\/\/fizio-misura.com\/wp-content\/uploads\/2023\/02\/pexels-elina-fairytale-3865796-scaled.jpg","datePublished":"2023-01-26T01:04:30+00:00","dateModified":"2023-08-21T12:02:58+00:00","description":"Masa\u017ea i ru\u010dna limfna drena\u017ea za smanjenje napetosti i opu\u0161tanje te kao tretman boli uzrokovan tenzijom mi\u0161i\u0107a.","breadcrumb":{"@id":"https:\/\/fizio-misura.com\/?page_id=418#breadcrumb"},"inLanguage":"hr","potentialAction":[{"@type":"ReadAction","target":["https:\/\/fizio-misura.com\/?page_id=418"]}]},{"@type":"ImageObject","inLanguage":"hr","@id":"https:\/\/fizio-misura.com\/?page_id=418#primaryimage","url":"https:\/\/fizio-misura.com\/wp-content\/uploads\/2023\/02\/pexels-elina-fairytale-3865796-scaled.jpg","contentUrl":"https:\/\/fizio-misura.com\/wp-content\/uploads\/2023\/02\/pexels-elina-fairytale-3865796-scaled.jpg","width":2560,"height":1707},{"@type":"BreadcrumbList","@id":"https:\/\/fizio-misura.com\/?page_id=418#breadcrumb","itemListElement":[{"@type":"ListItem","position":1,"name":"Po\u010detna stranica","item":"https:\/\/fizio-misura.com\/"},{"@type":"ListItem","position":2,"name":"Mi\u0161i\u0107no- ko\u0161tana terapija"}]},{"@type":"WebSite","@id":"https:\/\/fizio-misura.com\/#website","url":"https:\/\/fizio-misura.com\/","name":"Viktorija Mi&scaron;ura Consult &amp; Therapy","description":"","publisher":{"@id":"https:\/\/fizio-misura.com\/#organization"},"potentialAction":[{"@type":"SearchAction","target":{"@type":"EntryPoint","urlTemplate":"https:\/\/fizio-misura.com\/?s={search_term_string}"},"query-input":{"@type":"PropertyValueSpecification","valueRequired":true,"valueName":"search_term_string"}}],"inLanguage":"hr"},{"@type":"Organization","@id":"https:\/\/fizio-misura.com\/#organization","name":"Viktorija Mi&scaron;ura Consult &amp; Therapy","url":"https:\/\/fizio-misura.com\/","logo":{"@type":"ImageObject","inLanguage":"hr","@id":"https:\/\/fizio-misura.com\/#\/schema\/logo\/image\/","url":"https:\/\/fizio-misura.com\/wp-content\/uploads\/2024\/07\/Horizontal-Full-Lockup-Monotone-Black.jpg","contentUrl":"https:\/\/fizio-misura.com\/wp-content\/uploads\/2024\/07\/Horizontal-Full-Lockup-Monotone-Black.jpg","width":1380,"height":403,"caption":"Viktorija Mi&scaron;ura Consult &amp; Therapy"},"image":{"@id":"https:\/\/fizio-misura.com\/#\/schema\/logo\/image\/"}}]}},"_links":{"self":[{"href":"https:\/\/fizio-misura.com\/index.php?rest_route=\/wp\/v2\/pages\/418","targetHints":{"allow":["GET"]}}],"collection":[{"href":"https:\/\/fizio-misura.com\/index.php?rest_route=\/wp\/v2\/pages"}],"about":[{"href":"https:\/\/fizio-misura.com\/index.php?rest_route=\/wp\/v2\/types\/page"}],"author":[{"embeddable":true,"href":"https:\/\/fizio-misura.com\/index.php?rest_route=\/wp\/v2\/users\/1"}],"replies":[{"embeddable":true,"href":"https:\/\/fizio-misura.com\/index.php?rest_route=%2Fwp%2Fv2%2Fcomments&post=418"}],"version-history":[{"count":61,"href":"https:\/\/fizio-misura.com\/index.php?rest_route=\/wp\/v2\/pages\/418\/revisions"}],"predecessor-version":[{"id":3741,"href":"https:\/\/fizio-misura.com\/index.php?rest_route=\/wp\/v2\/pages\/418\/revisions\/3741"}],"wp:featuredmedia":[{"embeddable":true,"href":"https:\/\/fizio-misura.com\/index.php?rest_route=\/wp\/v2\/media\/849"}],"wp:attachment":[{"href":"https:\/\/fizio-misura.com\/index.php?rest_route=%2Fwp%2Fv2%2Fmedia&parent=418"}],"curies":[{"name":"wp","href":"https:\/\/api.w.org\/{rel}","templated":true}]}}