{"id":382,"date":"2023-01-20T23:37:29","date_gmt":"2023-01-20T22:37:29","guid":{"rendered":"https:\/\/endointegra.com\/?page_id=382"},"modified":"2024-07-08T06:46:06","modified_gmt":"2024-07-08T04:46:06","slug":"osteopatija","status":"publish","type":"page","link":"https:\/\/fizio-misura.com\/?page_id=382","title":{"rendered":"Pelvic floor terapija"},"content":{"rendered":"<p>Specijalizacija u podru\u010dju rada kod:<\/p>\n<p>&#8211; <strong>zdjeli\u010dne boli&nbsp;<\/strong>(naj\u010de\u0161\u0107e prisutna u slu\u010daju endometrioze, intersticijskog cistitisa, policisti\u010dnih jajnika, fibroida i mioma, nakon operativnih zahvata, poroda)<\/p>\n<p>&#8211; <strong>bolova u podru\u010dju rodnice<\/strong>(u slu\u010daju vaginizma, dispaneurije, operativnih zahvata, kroni\u010dne napetosti mi\u0161i\u0107a)<\/p>\n<p>&#8211;<strong> bolova u kralje\u017enici&nbsp;<\/strong><\/p>\n<p>&#8211; <strong>oporavka nakon poroda<\/strong> (procjena jakosti trbu\u0161nih mi\u0161i\u0107a i dijastaze, mi\u0161i\u0107a zdjeli\u010dnig dna, zdjelice i kralje\u017enice)<\/p>\n<p>&#8211; <strong>oporavka nakon operacije<\/strong> (za smanjenje boli, korekciju posture i funkcije)<\/p>\n<p>&#8211; <strong>tretmana o\u017eiljaka<\/strong> (nakon carskog reza, laparoskopsih operacija trbuha)<\/p>\n<p>&#8211; <strong>oporavka nakon operacije karcinoma dojke<\/strong> (za smanjenje ote\u010denosti ruke, povratak pokreta i funkcije ruke, smanjenje boli)<\/p>\n<p>&#8211; <strong>u\u010destalog mokrenja, urgencije<\/strong><\/p>\n<p>&#8211; <strong>trudnica<\/strong> (bolovi u trudno\u0107i, priprema za porod)<\/p>\n<p>&#8211; <strong>podr\u0161ka u procesu umjetne oplodnje (IVF-a)<\/strong>&#8211; radom na posturi, osobito zdjelici za korekciju asimetrija, napetosti i pove\u0107anjem cirkulacije i limfne drena\u017ee posti\u017eu se dobri uvjeti za uspje\u0161nu trudno\u0107<\/p>\n<\/p>\n<p>\t\t\t\t\t\tOsteopatija mi je pomogla s bolovima i simptomima koje mi endometrioza redovito donosi. Probala sam sve i sva\u0161ta, ali osteopatija je na vrhu. Tretmani su ugodni, opu\u0161taju\u0107i, a rezultata ima, \u0161to mi je u kona\u010dnici najva\u017enije. A Viktorija&#8230; za nju imam samo rije\u010di pohvale. Odli\u010dna u svom poslu, puna znanja, pristupa\u010dna i njezin rad je za svaku pohvalu.<br \/>\n\t\t\t\t\t<cite>Gabrijela F.<\/cite>\t\t\t\t<\/p>\n<figure><img decoding=\"async\" src=\"https:\/\/endointegra.com\/wp-content\/uploads\/2023\/05\/IMG_30321-1-640x480.jpeg\" alt=\"IMG_30321\" \/><\/figure>\n<figure><img decoding=\"async\" src=\"https:\/\/endointegra.com\/wp-content\/uploads\/2023\/05\/IMG_3040-640x480.jpeg\" alt=\"IMG_3040\" \/><\/figure>\n<figure><img decoding=\"async\" src=\"https:\/\/endointegra.com\/wp-content\/uploads\/2023\/05\/IMG_30351-1-640x480.jpeg\" alt=\"IMG_30351\" \/><\/figure>\n<p>\t\t\t\t\t\t\t\t\t\t\t\tPrevious image<br \/>\n\t\t\t\t\t\t\t\t\t\t\t\tNext image<br \/>\n\t\t\t\t\t\tKod Viktorije sam do\u0161la nakon ginekolo\u0161ke operacije i svakodnevne nelagode u podru\u010dju rodnice. Imala sam i bolne spolne odnose. Nakon nekoliko osteopatskih tretmana i vje\u017ebi za mobilnost zdjelice prema uputama Viktorije koje sam dosljedno provodila kod ku\u0107e, moji simptomi su se povukli, a odnosi opet postali u\u017eitak.<br \/>\n\t\t\t\t\t\t\t\t<cite>Ana B.<\/cite><\/p>\n","protected":false},"excerpt":{"rendered":"<p>Specijalizacija u podru\u010dju rada kod: &#8211; zdjeli\u010dne boli&nbsp;(naj\u010de\u0161\u0107e prisutna u slu\u010daju endometrioze, intersticijskog cistitisa, policisti\u010dnih jajnika, fibroida i mioma, nakon operativnih zahvata, poroda) &#8211; bolova u podru\u010dju rodnice(u slu\u010daju vaginizma, &hellip; <\/p>\n","protected":false},"author":1,"featured_media":4160,"parent":0,"menu_order":0,"comment_status":"closed","ping_status":"closed","template":"","meta":{"footnotes":""},"class_list":["post-382","page","type-page","status-publish","has-post-thumbnail","hentry","latest_post"],"yoast_head":"<!-- This site is optimized with the Yoast SEO plugin v27.5 - https:\/\/yoast.com\/product\/yoast-seo-wordpress\/ -->\n<title>Pelvic floor terapija - Viktorija Mi&scaron;ura Consult &amp; Therapy<\/title>\n<meta name=\"description\" content=\"Osteopatija, Miofascijalna relaksacija za tretmane bolova i tegoba mi\u0161i\u0107no- ko\u0161tanog sustava\" \/>\n<meta name=\"robots\" content=\"index, follow, max-snippet:-1, max-image-preview:large, max-video-preview:-1\" \/>\n<link rel=\"canonical\" href=\"https:\/\/fizio-misura.com\/?page_id=382\" \/>\n<meta property=\"og:locale\" content=\"hr_HR\" \/>\n<meta property=\"og:type\" content=\"article\" \/>\n<meta property=\"og:title\" content=\"Pelvic floor terapija - Viktorija Mi&scaron;ura Consult &amp; Therapy\" \/>\n<meta property=\"og:description\" content=\"Osteopatija, Miofascijalna relaksacija za tretmane bolova i tegoba mi\u0161i\u0107no- ko\u0161tanog sustava\" \/>\n<meta property=\"og:url\" content=\"https:\/\/fizio-misura.com\/?page_id=382\" \/>\n<meta property=\"og:site_name\" content=\"Viktorija Mi&scaron;ura Consult &amp; Therapy\" \/>\n<meta property=\"article:modified_time\" content=\"2024-07-08T04:46:06+00:00\" \/>\n<meta property=\"og:image\" content=\"https:\/\/fizio-misura.com\/wp-content\/uploads\/2024\/01\/DSC_5390-scaled.jpg\" \/>\n\t<meta property=\"og:image:width\" content=\"2560\" \/>\n\t<meta property=\"og:image:height\" content=\"1707\" \/>\n\t<meta property=\"og:image:type\" content=\"image\/jpeg\" \/>\n<meta name=\"twitter:card\" content=\"summary_large_image\" \/>\n<meta name=\"twitter:label1\" content=\"Procijenjeno vrijeme \u010ditanja\" \/>\n\t<meta name=\"twitter:data1\" content=\"3 minute\" \/>\n<script type=\"application\/ld+json\" class=\"yoast-schema-graph\">{\"@context\":\"https:\\\/\\\/schema.org\",\"@graph\":[{\"@type\":\"WebPage\",\"@id\":\"https:\\\/\\\/fizio-misura.com\\\/?page_id=382\",\"url\":\"https:\\\/\\\/fizio-misura.com\\\/?page_id=382\",\"name\":\"Pelvic floor terapija - Viktorija Mi&scaron;ura Consult &amp; Therapy\",\"isPartOf\":{\"@id\":\"https:\\\/\\\/fizio-misura.com\\\/#website\"},\"primaryImageOfPage\":{\"@id\":\"https:\\\/\\\/fizio-misura.com\\\/?page_id=382#primaryimage\"},\"image\":{\"@id\":\"https:\\\/\\\/fizio-misura.com\\\/?page_id=382#primaryimage\"},\"thumbnailUrl\":\"https:\\\/\\\/fizio-misura.com\\\/wp-content\\\/uploads\\\/2024\\\/01\\\/DSC_5390-scaled.jpg\",\"datePublished\":\"2023-01-20T22:37:29+00:00\",\"dateModified\":\"2024-07-08T04:46:06+00:00\",\"description\":\"Osteopatija, Miofascijalna relaksacija za tretmane bolova i tegoba mi\u0161i\u0107no- ko\u0161tanog sustava\",\"breadcrumb\":{\"@id\":\"https:\\\/\\\/fizio-misura.com\\\/?page_id=382#breadcrumb\"},\"inLanguage\":\"hr\",\"potentialAction\":[{\"@type\":\"ReadAction\",\"target\":[\"https:\\\/\\\/fizio-misura.com\\\/?page_id=382\"]}]},{\"@type\":\"ImageObject\",\"inLanguage\":\"hr\",\"@id\":\"https:\\\/\\\/fizio-misura.com\\\/?page_id=382#primaryimage\",\"url\":\"https:\\\/\\\/fizio-misura.com\\\/wp-content\\\/uploads\\\/2024\\\/01\\\/DSC_5390-scaled.jpg\",\"contentUrl\":\"https:\\\/\\\/fizio-misura.com\\\/wp-content\\\/uploads\\\/2024\\\/01\\\/DSC_5390-scaled.jpg\",\"width\":2560,\"height\":1707},{\"@type\":\"BreadcrumbList\",\"@id\":\"https:\\\/\\\/fizio-misura.com\\\/?page_id=382#breadcrumb\",\"itemListElement\":[{\"@type\":\"ListItem\",\"position\":1,\"name\":\"Po\u010detna stranica\",\"item\":\"https:\\\/\\\/fizio-misura.com\\\/\"},{\"@type\":\"ListItem\",\"position\":2,\"name\":\"Pelvic floor terapija\"}]},{\"@type\":\"WebSite\",\"@id\":\"https:\\\/\\\/fizio-misura.com\\\/#website\",\"url\":\"https:\\\/\\\/fizio-misura.com\\\/\",\"name\":\"Viktorija Mi&scaron;ura Consult &amp; Therapy\",\"description\":\"\",\"publisher\":{\"@id\":\"https:\\\/\\\/fizio-misura.com\\\/#organization\"},\"potentialAction\":[{\"@type\":\"SearchAction\",\"target\":{\"@type\":\"EntryPoint\",\"urlTemplate\":\"https:\\\/\\\/fizio-misura.com\\\/?s={search_term_string}\"},\"query-input\":{\"@type\":\"PropertyValueSpecification\",\"valueRequired\":true,\"valueName\":\"search_term_string\"}}],\"inLanguage\":\"hr\"},{\"@type\":\"Organization\",\"@id\":\"https:\\\/\\\/fizio-misura.com\\\/#organization\",\"name\":\"Viktorija Mi&scaron;ura Consult &amp; Therapy\",\"url\":\"https:\\\/\\\/fizio-misura.com\\\/\",\"logo\":{\"@type\":\"ImageObject\",\"inLanguage\":\"hr\",\"@id\":\"https:\\\/\\\/fizio-misura.com\\\/#\\\/schema\\\/logo\\\/image\\\/\",\"url\":\"https:\\\/\\\/fizio-misura.com\\\/wp-content\\\/uploads\\\/2024\\\/07\\\/Horizontal-Full-Lockup-Monotone-Black.jpg\",\"contentUrl\":\"https:\\\/\\\/fizio-misura.com\\\/wp-content\\\/uploads\\\/2024\\\/07\\\/Horizontal-Full-Lockup-Monotone-Black.jpg\",\"width\":1380,\"height\":403,\"caption\":\"Viktorija Mi&scaron;ura Consult &amp; Therapy\"},\"image\":{\"@id\":\"https:\\\/\\\/fizio-misura.com\\\/#\\\/schema\\\/logo\\\/image\\\/\"}}]}<\/script>\n<!-- \/ Yoast SEO plugin. -->","yoast_head_json":{"title":"Pelvic floor terapija - Viktorija Mi&scaron;ura Consult &amp; Therapy","description":"Osteopatija, Miofascijalna relaksacija za tretmane bolova i tegoba mi\u0161i\u0107no- ko\u0161tanog sustava","robots":{"index":"index","follow":"follow","max-snippet":"max-snippet:-1","max-image-preview":"max-image-preview:large","max-video-preview":"max-video-preview:-1"},"canonical":"https:\/\/fizio-misura.com\/?page_id=382","og_locale":"hr_HR","og_type":"article","og_title":"Pelvic floor terapija - Viktorija Mi&scaron;ura Consult &amp; Therapy","og_description":"Osteopatija, Miofascijalna relaksacija za tretmane bolova i tegoba mi\u0161i\u0107no- ko\u0161tanog sustava","og_url":"https:\/\/fizio-misura.com\/?page_id=382","og_site_name":"Viktorija Mi&scaron;ura Consult &amp; Therapy","article_modified_time":"2024-07-08T04:46:06+00:00","og_image":[{"width":2560,"height":1707,"url":"https:\/\/fizio-misura.com\/wp-content\/uploads\/2024\/01\/DSC_5390-scaled.jpg","type":"image\/jpeg"}],"twitter_card":"summary_large_image","twitter_misc":{"Procijenjeno vrijeme \u010ditanja":"3 minute"},"schema":{"@context":"https:\/\/schema.org","@graph":[{"@type":"WebPage","@id":"https:\/\/fizio-misura.com\/?page_id=382","url":"https:\/\/fizio-misura.com\/?page_id=382","name":"Pelvic floor terapija - Viktorija Mi&scaron;ura Consult &amp; Therapy","isPartOf":{"@id":"https:\/\/fizio-misura.com\/#website"},"primaryImageOfPage":{"@id":"https:\/\/fizio-misura.com\/?page_id=382#primaryimage"},"image":{"@id":"https:\/\/fizio-misura.com\/?page_id=382#primaryimage"},"thumbnailUrl":"https:\/\/fizio-misura.com\/wp-content\/uploads\/2024\/01\/DSC_5390-scaled.jpg","datePublished":"2023-01-20T22:37:29+00:00","dateModified":"2024-07-08T04:46:06+00:00","description":"Osteopatija, Miofascijalna relaksacija za tretmane bolova i tegoba mi\u0161i\u0107no- ko\u0161tanog sustava","breadcrumb":{"@id":"https:\/\/fizio-misura.com\/?page_id=382#breadcrumb"},"inLanguage":"hr","potentialAction":[{"@type":"ReadAction","target":["https:\/\/fizio-misura.com\/?page_id=382"]}]},{"@type":"ImageObject","inLanguage":"hr","@id":"https:\/\/fizio-misura.com\/?page_id=382#primaryimage","url":"https:\/\/fizio-misura.com\/wp-content\/uploads\/2024\/01\/DSC_5390-scaled.jpg","contentUrl":"https:\/\/fizio-misura.com\/wp-content\/uploads\/2024\/01\/DSC_5390-scaled.jpg","width":2560,"height":1707},{"@type":"BreadcrumbList","@id":"https:\/\/fizio-misura.com\/?page_id=382#breadcrumb","itemListElement":[{"@type":"ListItem","position":1,"name":"Po\u010detna stranica","item":"https:\/\/fizio-misura.com\/"},{"@type":"ListItem","position":2,"name":"Pelvic floor terapija"}]},{"@type":"WebSite","@id":"https:\/\/fizio-misura.com\/#website","url":"https:\/\/fizio-misura.com\/","name":"Viktorija Mi&scaron;ura Consult &amp; Therapy","description":"","publisher":{"@id":"https:\/\/fizio-misura.com\/#organization"},"potentialAction":[{"@type":"SearchAction","target":{"@type":"EntryPoint","urlTemplate":"https:\/\/fizio-misura.com\/?s={search_term_string}"},"query-input":{"@type":"PropertyValueSpecification","valueRequired":true,"valueName":"search_term_string"}}],"inLanguage":"hr"},{"@type":"Organization","@id":"https:\/\/fizio-misura.com\/#organization","name":"Viktorija Mi&scaron;ura Consult &amp; Therapy","url":"https:\/\/fizio-misura.com\/","logo":{"@type":"ImageObject","inLanguage":"hr","@id":"https:\/\/fizio-misura.com\/#\/schema\/logo\/image\/","url":"https:\/\/fizio-misura.com\/wp-content\/uploads\/2024\/07\/Horizontal-Full-Lockup-Monotone-Black.jpg","contentUrl":"https:\/\/fizio-misura.com\/wp-content\/uploads\/2024\/07\/Horizontal-Full-Lockup-Monotone-Black.jpg","width":1380,"height":403,"caption":"Viktorija Mi&scaron;ura Consult &amp; Therapy"},"image":{"@id":"https:\/\/fizio-misura.com\/#\/schema\/logo\/image\/"}}]}},"_links":{"self":[{"href":"https:\/\/fizio-misura.com\/index.php?rest_route=\/wp\/v2\/pages\/382","targetHints":{"allow":["GET"]}}],"collection":[{"href":"https:\/\/fizio-misura.com\/index.php?rest_route=\/wp\/v2\/pages"}],"about":[{"href":"https:\/\/fizio-misura.com\/index.php?rest_route=\/wp\/v2\/types\/page"}],"author":[{"embeddable":true,"href":"https:\/\/fizio-misura.com\/index.php?rest_route=\/wp\/v2\/users\/1"}],"replies":[{"embeddable":true,"href":"https:\/\/fizio-misura.com\/index.php?rest_route=%2Fwp%2Fv2%2Fcomments&post=382"}],"version-history":[{"count":132,"href":"https:\/\/fizio-misura.com\/index.php?rest_route=\/wp\/v2\/pages\/382\/revisions"}],"predecessor-version":[{"id":3743,"href":"https:\/\/fizio-misura.com\/index.php?rest_route=\/wp\/v2\/pages\/382\/revisions\/3743"}],"wp:featuredmedia":[{"embeddable":true,"href":"https:\/\/fizio-misura.com\/index.php?rest_route=\/wp\/v2\/media\/4160"}],"wp:attachment":[{"href":"https:\/\/fizio-misura.com\/index.php?rest_route=%2Fwp%2Fv2%2Fmedia&parent=382"}],"curies":[{"name":"wp","href":"https:\/\/api.w.org\/{rel}","templated":true}]}}