{"id":3228,"date":"2023-08-14T14:52:59","date_gmt":"2023-08-14T12:52:59","guid":{"rendered":"https:\/\/endointegra.com\/?page_id=3228"},"modified":"2024-07-06T17:17:24","modified_gmt":"2024-07-06T15:17:24","slug":"home-4","status":"publish","type":"page","link":"https:\/\/fizio-misura.com\/","title":{"rendered":"Home"},"content":{"rendered":"<div class=\"wpb-content-wrapper\"><p>[vc_row][vc_column][vc_column_text]TerapijaZa rje\u0161enje akutnih i kroni\u010dnih tegobaMasa\u017eaZa osje\u0107aj lako\u0107e i opu\u0161tenostiVje\u017ebeVa\u0161 alat za smanjenje bolova<\/p>\n<h2>Usluge<\/h2>\n<figure><a href=\"https:\/\/xn--fizio-miura-nhc.hr\/?page_id=3257\" tabindex=\"-1\"><img loading=\"lazy\" decoding=\"async\" width=\"128\" height=\"128\" src=\"https:\/\/xn--fizio-miura-nhc.hr\/wp-content\/uploads\/2024\/01\/masaza-ikona-1.png\" alt=\"\" \/><\/a><\/figure>\n<h4><a href=\"https:\/\/xn--fizio-miura-nhc.hr\/?page_id=3257\">Masa\u017ea<\/a><\/h4>\n<p>Klasi\u010dna masa\u017ea tijela<br \/>\nMasa\u017ea u trudno\u0107i<br \/>\nTrigger point<\/p>\n<figure><a href=\"https:\/\/xn--fizio-miura-nhc.hr\/?page_id=3257\" tabindex=\"-1\"><img loading=\"lazy\" decoding=\"async\" width=\"128\" height=\"128\" src=\"https:\/\/xn--fizio-miura-nhc.hr\/wp-content\/uploads\/2024\/01\/rame-ikona.png\" alt=\"\" \/><\/a><\/figure>\n<h4><a href=\"https:\/\/xn--fizio-miura-nhc.hr\/?page_id=3257\">Manualna terapija<\/a><\/h4>\n<p>Osteopatija<br \/>\nMiofascijalna relaksacija (MFR)<br \/>\nNeurokineti\u010dko testiranje (NKT)<\/p>\n<figure><a href=\"https:\/\/xn--fizio-miura-nhc.hr\/?page_id=3257\" tabindex=\"-1\"><img loading=\"lazy\" decoding=\"async\" width=\"128\" height=\"128\" src=\"https:\/\/xn--fizio-miura-nhc.hr\/wp-content\/uploads\/2024\/01\/Blue-White-Cute-Simple-Doodle-iOS-Icon-1.png\" alt=\"\" \/><\/a><\/figure>\n<h4><a href=\"https:\/\/xn--fizio-miura-nhc.hr\/?page_id=3257\">Limfna drena\u017ea<\/a><\/h4>\n<p>Ru\u010dna limfna drena\u017ea<\/p>\n<figure><a href=\"https:\/\/xn--fizio-miura-nhc.hr\/?page_id=3257\" tabindex=\"-1\"><img loading=\"lazy\" decoding=\"async\" width=\"128\" height=\"128\" src=\"https:\/\/xn--fizio-miura-nhc.hr\/wp-content\/uploads\/2024\/01\/skolioza-ikona.png\" alt=\"\" \/><\/a><\/figure>\n<h4><a href=\"https:\/\/xn--fizio-miura-nhc.hr\/?page_id=3257\">Terapijske vje\u017ebe<\/a><\/h4>\n<p>Korekcija posture<br \/>\nDijastaza<br \/>\nKegelove vje\u017ebe<\/p>\n<p><a href=\"https:\/\/xn--fizio-miura-nhc.hr\/?page_id=337\"><br \/>\n\t\t\t\t\t\tPogledajte sve usluge<br \/>\n\t\t\t\t\t<\/a><\/p>\n<h2>Individualan i cjelovit pristup problemu<\/h2>\n<p style=\"text-align: center;\">Svaki klijent dobiva ono \u0161to mu je najpotrebnije (ovisno o uzroku tegoba) i \u0161to \u0107e ga najbr\u017ee dovesti do rezultata.<\/p>\n<p><a href=\"https:\/\/endointegra.com\/?page_id=418\"><br \/>\n\t\t\t\t\t\tSaznajte vi\u0161e<br \/>\n\t\t\t\t\t<\/a><\/p>\n<figure>\n\t\t\t\t\t\t\t\t\t\t\t<a href=\"https:\/\/endointegra.com\/?page_id=2\"><br \/>\n\t\t\t\t\t\t\t<img decoding=\"async\" src=\"https:\/\/xn--fizio-miura-nhc.hr\/wp-content\/uploads\/elementor\/thumbs\/DSC_5313_pp-scaled-qj243c6q08tnrlxf5es47sv42zj89fmm8hoa5v8j0g.jpg\" title=\"DSC_5313_pp\" alt=\"DSC_5313_pp\" loading=\"lazy\" \/>\t\t\t\t\t\t\t\t<\/a><\/p><figcaption>Viktorija Mi\u0161ura, D.O., fizioterapeut<\/figcaption><\/figure>\n<p><a href=\"https:\/\/xn--fizio-miura-nhc.hr\/?page_id=2\"><br \/>\n\t\t\t\t\t\tBiografija<br \/>\n\t\t\t\t\t<\/a><\/p>\n<h2>Pelvic floor rehabilitacija u Zagrebu<\/h2>\n<ul>\n<li>\n\t\t\t\t\t\t\t\t\t\tKegelove vje\u017ebe<\/li>\n<li>\n\t\t\t\t\t\t\t\t\t\tinkontinencija i prolaps<\/li>\n<li>\n\t\t\t\t\t\t\t\t\t\tdijastaza<\/li>\n<li>\n\t\t\t\t\t\t\t\t\t\tzdjeli\u010dna bol<\/li>\n<li>\n\t\t\t\t\t\t\t\t\t\turinarne tegobe<\/li>\n<\/ul>\n<p><a href=\"https:\/\/endointegra.com\/?page_id=382\"><br \/>\n\t\t\t\t\t\tSaznajte vi\u0161e<br \/>\n\t\t\t\t\t<\/a><\/p>\n<h1>Iskustva klijenata<\/h1>\n<div class=\"wprev-slider\" id=\"wprev-slider-1\"><ul><style>#wprev-slider-1 .wprev_preview_bradius_T1 {border-radius: 8px;}#wprev-slider-1 .wprev_preview_bg1_T1::after{ border-top: 30px solid ; }<\/style><style><\/style><li>\t\t<div class=\"wprevpro_t1_outer_div w3_wprs-row-padding\">\r\n\t\t\t\t<div class=\"wprevpro_t1_DIV_1 w3_wprs-col l6\">\r\n\t\t\t<div class=\"wprevpro_t1_DIV_2 wprev_preview_bg1_T1 wprev_preview_bradius_T1\">\r\n\t\t\t\t<p class=\"wprevpro_t1_P_3 wprev_preview_tcolor1_T1\">\r\n\t\t\t\t\t<span class=\"wprevpro_star_imgs_T1\"><span class=\"starloc1 wprevpro_star_imgs wprevpro_star_imgsloc1\"><span class=\"svgicons svg-wprsp-star\"><\/span><span class=\"svgicons svg-wprsp-star\"><\/span><span class=\"svgicons svg-wprsp-star\"><\/span><span class=\"svgicons svg-wprsp-star\"><\/span><span class=\"svgicons svg-wprsp-star\"><\/span><\/span><\/span>Viktorija je vrhunska poznavateljica tijela i njegovih tajni, profesionalna, vedra, prijateljski raspolo\u017eena, s istinskim zanimanjem za va\u0161e stanje i dobrobit te osoba koja na kraju va\u0161e potrebe poznaje bolje od<a class='wprs_rd_more'>... Pro\u010ditajte vi\u0161e<\/a><span class='wprs_rd_more_text' style='display:none;'> vas samih. Preporu\u010dila bih je svakome, a posebno \u017eenama \u010dije stanje zahtijeva delikatiniji pristup i duboko razumijevanje uzro\u010dno-posljedi\u010dnih veza koje tijelo i pokret stvaraju.<\/span>\t\t\t\t<\/p>\r\n\t\t\t\t\t\t\t\t\t\t\t<\/div><span class=\"wprevpro_t1_A_8\"><\/span> <span class=\"wprevpro_t1_SPAN_5 wprev_preview_tcolor2_T1\">Anamaria Brajovi\u0107<br\/><span class=\"wprev_showdate_T1\"><\/span> <\/span>\r\n\t\t<\/div>\r\n\t\t\t<div class=\"wprevpro_t1_DIV_1 w3_wprs-col l6\">\r\n\t\t\t<div class=\"wprevpro_t1_DIV_2 wprev_preview_bg1_T1 wprev_preview_bradius_T1\">\r\n\t\t\t\t<p class=\"wprevpro_t1_P_3 wprev_preview_tcolor1_T1\">\r\n\t\t\t\t\t<span class=\"wprevpro_star_imgs_T1\"><span class=\"starloc1 wprevpro_star_imgs wprevpro_star_imgsloc1\"><span class=\"svgicons svg-wprsp-star\"><\/span><span class=\"svgicons svg-wprsp-star\"><\/span><span class=\"svgicons svg-wprsp-star\"><\/span><span class=\"svgicons svg-wprsp-star\"><\/span><span class=\"svgicons svg-wprsp-star\"><\/span><\/span><\/span>Viktorija je jedna od rijetkih fizioterapeutkinja u Hrvatskoj koja se specijalizira za pitanja i boljke vezane uz \u017eensko zdravlje (primjerice izrazito bolne menstruacije i neplodnost). Putem Aviva vje\u017ebi razvijenih posebno<a class='wprs_rd_more'>... Pro\u010ditajte vi\u0161e<\/a><span class='wprs_rd_more_text' style='display:none;'> za \u017eene s dismenorejom pomogla mi je regulirati ciklus i smanjiti bol kod menstruacije (bol nije posve nestala, ali se smanjila toliko da vi\u0161e nisam trebala tablete protiv bolova tih prvih dana menzesa, a ciklusi su mi se stabilizirali). Osim toga, preporu\u010dujem je i za vje\u017ebe za dijastazu, odnosno stabilizaciju i ja\u010danje dubokih mi\u0161i\u0107a trupa i zdjelice nakon poroda. Kao osoba jako je nje\u017ena, ljubazna i profesionalna. Od nje mo\u017eete o\u010dekivati vrhunsku uslugu.<\/span>\t\t\t\t<\/p>\r\n\t\t\t\t\t\t\t\t\t\t\t<\/div><span class=\"wprevpro_t1_A_8\"><\/span> <span class=\"wprevpro_t1_SPAN_5 wprev_preview_tcolor2_T1\">Mihaela Vu\u010di\u0107<br\/><span class=\"wprev_showdate_T1\"><\/span> <\/span>\r\n\t\t<\/div>\r\n\t\t<\/div>\r\n<!-- This file should primarily consist of HTML with a little bit of PHP. -->\r\n<\/li><li class=\"wprevnextslide\">\t\t<div class=\"wprevpro_t1_outer_div w3_wprs-row-padding\">\r\n\t\t\t\t<div class=\"wprevpro_t1_DIV_1 w3_wprs-col l6\">\r\n\t\t\t<div class=\"wprevpro_t1_DIV_2 wprev_preview_bg1_T1 wprev_preview_bradius_T1\">\r\n\t\t\t\t<p class=\"wprevpro_t1_P_3 wprev_preview_tcolor1_T1\">\r\n\t\t\t\t\t<span class=\"wprevpro_star_imgs_T1\"><span class=\"starloc1 wprevpro_star_imgs wprevpro_star_imgsloc1\"><span class=\"svgicons svg-wprsp-star\"><\/span><span class=\"svgicons svg-wprsp-star\"><\/span><span class=\"svgicons svg-wprsp-star\"><\/span><span class=\"svgicons svg-wprsp-star\"><\/span><span class=\"svgicons svg-wprsp-star\"><\/span><\/span><\/span>Viktorija je vrlo profesionalna i stru\u010dna u svom radu, puna entuzijazma i znanja. \u200cPosebno sam joj zahvalna na njenom pristupu jer se detaljno upoznala s mojim potrebama i zdravstvenim statusom,<a class='wprs_rd_more'>... Pro\u010ditajte vi\u0161e<\/a><span class='wprs_rd_more_text' style='display:none;'> kontinuirano prati moje stanje i sukladno tome prilago\u0111ava vje\u017ebe i tretmane. \u200cPored svega, ona je vesela, draga i vrlo pristupa\u010dna osoba.<\/span>\t\t\t\t<\/p>\r\n\t\t\t\t\t\t\t\t\t\t\t<\/div><span class=\"wprevpro_t1_A_8\"><\/span> <span class=\"wprevpro_t1_SPAN_5 wprev_preview_tcolor2_T1\">Tina Medancic<br\/><span class=\"wprev_showdate_T1\"><\/span> <\/span>\r\n\t\t<\/div>\r\n\t\t\t<div class=\"wprevpro_t1_DIV_1 w3_wprs-col l6\">\r\n\t\t\t<div class=\"wprevpro_t1_DIV_2 wprev_preview_bg1_T1 wprev_preview_bradius_T1\">\r\n\t\t\t\t<p class=\"wprevpro_t1_P_3 wprev_preview_tcolor1_T1\">\r\n\t\t\t\t\t<span class=\"wprevpro_star_imgs_T1\"><span class=\"starloc1 wprevpro_star_imgs wprevpro_star_imgsloc1\"><span class=\"svgicons svg-wprsp-star\"><\/span><span class=\"svgicons svg-wprsp-star\"><\/span><span class=\"svgicons svg-wprsp-star\"><\/span><span class=\"svgicons svg-wprsp-star\"><\/span><span class=\"svgicons svg-wprsp-star\"><\/span><\/span><\/span>Stru\u010dno, smireno, opu\u0161taju\u0107e.\t\t\t\t<\/p>\r\n\t\t\t\t\t\t\t\t\t\t\t<\/div><span class=\"wprevpro_t1_A_8\"><\/span> <span class=\"wprevpro_t1_SPAN_5 wprev_preview_tcolor2_T1\">Ivana Oklje\u0161a<br\/><span class=\"wprev_showdate_T1\"><\/span> <\/span>\r\n\t\t<\/div>\r\n\t\t<\/div>\r\n<!-- This file should primarily consist of HTML with a little bit of PHP. -->\r\n<\/li><li class=\"wprevnextslide\">\t\t<div class=\"wprevpro_t1_outer_div w3_wprs-row-padding\">\r\n\t\t\t\t<div class=\"wprevpro_t1_DIV_1 w3_wprs-col l6\">\r\n\t\t\t<div class=\"wprevpro_t1_DIV_2 wprev_preview_bg1_T1 wprev_preview_bradius_T1\">\r\n\t\t\t\t<p class=\"wprevpro_t1_P_3 wprev_preview_tcolor1_T1\">\r\n\t\t\t\t\t<span class=\"wprevpro_star_imgs_T1\"><span class=\"starloc1 wprevpro_star_imgs wprevpro_star_imgsloc1\"><span class=\"svgicons svg-wprsp-star\"><\/span><span class=\"svgicons svg-wprsp-star\"><\/span><span class=\"svgicons svg-wprsp-star\"><\/span><span class=\"svgicons svg-wprsp-star\"><\/span><span class=\"svgicons svg-wprsp-star\"><\/span><\/span><\/span>Viktorija je topla i stru\u010dna, osim tretmana predla\u017ee vje\u017ebice i za kod ku\u0107e i sa svime mi je puno pomogla oko kroni\u010dnih tegoba. Hvala!\t\t\t\t<\/p>\r\n\t\t\t\t\t\t\t\t\t\t\t<\/div><span class=\"wprevpro_t1_A_8\"><\/span> <span class=\"wprevpro_t1_SPAN_5 wprev_preview_tcolor2_T1\">Anja Eloise Livai\u0107<br\/><span class=\"wprev_showdate_T1\"><\/span> <\/span>\r\n\t\t<\/div>\r\n\t\t\t<div class=\"wprevpro_t1_DIV_1 w3_wprs-col l6\">\r\n\t\t\t<div class=\"wprevpro_t1_DIV_2 wprev_preview_bg1_T1 wprev_preview_bradius_T1\">\r\n\t\t\t\t<p class=\"wprevpro_t1_P_3 wprev_preview_tcolor1_T1\">\r\n\t\t\t\t\t<span class=\"wprevpro_star_imgs_T1\"><span class=\"starloc1 wprevpro_star_imgs wprevpro_star_imgsloc1\"><span class=\"svgicons svg-wprsp-star\"><\/span><span class=\"svgicons svg-wprsp-star\"><\/span><span class=\"svgicons svg-wprsp-star\"><\/span><span class=\"svgicons svg-wprsp-star\"><\/span><span class=\"svgicons svg-wprsp-star\"><\/span><\/span><\/span>Bila sam u potrazi za osobom koja bi mi pomogla da smanjim svoje zdravstvene tegobe i postepeno se vratim u formu nakon dugog mirovanja tijekom trajanja pandemije. Zahvalna sam \u0161to<a class='wprs_rd_more'>... Pro\u010ditajte vi\u0161e<\/a><span class='wprs_rd_more_text' style='display:none;'> me to tra\u017eenje dovelo do Viktorije, koja se detaljno upoznala s mojim potrebama i zdravstvenim problemima, strpljivo i pa\u017eljivo prati moje stanje i sukladno tome prilago\u0111ava vje\u017ebe. Uz stru\u010dnost i profesionalnost, draga je, ljubazna i pristupa\u010dna osoba!<\/span>\t\t\t\t<\/p>\r\n\t\t\t\t\t\t\t\t\t\t\t<\/div><span class=\"wprevpro_t1_A_8\"><\/span> <span class=\"wprevpro_t1_SPAN_5 wprev_preview_tcolor2_T1\">Bozica Peremin<br\/><span class=\"wprev_showdate_T1\"><\/span> <\/span>\r\n\t\t<\/div>\r\n\t\t<\/div>\r\n<!-- This file should primarily consist of HTML with a little bit of PHP. -->\r\n<\/li><\/ul><\/div>\r\n\n<h2>Za\u0161to raditi s nama?<\/h2>\n<h4>\n\t\t\t\t\t\tOdgovornost<\/h4>\n<h4>\n\t\t\t\t\t\tKvaliteta usluge<\/h4>\n<h4>\n\t\t\t\t\t\tIskustvo<\/h4>\n<p>10+ godina iskustva<\/p>\n<h4>\n\t\t\t\t\t\tLjubaznost i ugodna atmosfera<\/h4>\n<figure><img decoding=\"async\" src=\"https:\/\/xn--fizio-miura-nhc.hr\/wp-content\/uploads\/2023\/08\/kegelove-330x350.png\" alt=\"kegelove\" \/><\/figure>\n<figure><img decoding=\"async\" src=\"https:\/\/xn--fizio-miura-nhc.hr\/wp-content\/uploads\/2023\/08\/aviva-330x350.png\" alt=\"aviva\" \/><\/figure>\n<figure><img decoding=\"async\" src=\"https:\/\/xn--fizio-miura-nhc.hr\/wp-content\/uploads\/2023\/08\/pcos-330x350.png\" alt=\"pcos\" \/><\/figure>\n<h2>Radionice i predavanja<\/h2>\n<h2>Suradnja i povjerenje<\/h2>\n<figure><img decoding=\"async\" src=\"https:\/\/xn--fizio-miura-nhc.hr\/wp-content\/uploads\/2023\/08\/0e31231e-21b0-4a4a-add6-4cd2aef2b132.jpg\" alt=\"0e31231e-21b0-4a4a-add6-4cd2aef2b132\" \/><\/figure>\n<h2>Blog<\/h2>\n<p style=\"text-align: center;\">Kroz \u010dlanke mo\u017eete saznati vi\u0161e o tegobama koje poku\u0161avate rije\u0161iti i bolje ih razumijeti.<\/p>\n<p><a href=\"https:\/\/endointegra.com\/?page_id=19\"><br \/>\n\t\t\t\t\t\tPogledajte<br \/>\n\t\t\t\t\t<\/a>[\/vc_column_text][\/vc_column][\/vc_row][vc_row][vc_column][vc_column_text]I am text block. Click edit button to change this text. Lorem ipsum dolor sit amet, consectetur adipiscing elit. Ut elit tellus, luctus nec ullamcorper mattis, pulvinar dapibus leo.[\/vc_column_text][\/vc_column][\/vc_row]<\/p>\n<\/div>","protected":false},"excerpt":{"rendered":"<p>[vc_row][vc_column][vc_column_text]TerapijaZa rje\u0161enje akutnih i kroni\u010dnih tegobaMasa\u017eaZa osje\u0107aj lako\u0107e i opu\u0161tenostiVje\u017ebeVa\u0161 alat za smanjenje bolova Usluge Masa\u017ea Klasi\u010dna masa\u017ea tijela Masa\u017ea u trudno\u0107i Trigger point Manualna terapija Osteopatija Miofascijalna relaksacija (MFR) &hellip; <\/p>\n","protected":false},"author":1,"featured_media":3249,"parent":0,"menu_order":0,"comment_status":"closed","ping_status":"closed","template":"","meta":{"footnotes":""},"class_list":["post-3228","page","type-page","status-publish","has-post-thumbnail","hentry","latest_post"],"yoast_head":"<!-- This site is optimized with the Yoast SEO plugin v27.5 - https:\/\/yoast.com\/product\/yoast-seo-wordpress\/ -->\n<title>Home - Viktorija Mi&scaron;ura Consult &amp; Therapy<\/title>\n<meta name=\"robots\" content=\"index, follow, max-snippet:-1, max-image-preview:large, max-video-preview:-1\" \/>\n<link rel=\"canonical\" href=\"https:\/\/fizio-misura.com\/\" \/>\n<meta property=\"og:locale\" content=\"hr_HR\" \/>\n<meta property=\"og:type\" content=\"article\" \/>\n<meta property=\"og:title\" content=\"Home - Viktorija Mi&scaron;ura Consult &amp; Therapy\" \/>\n<meta property=\"og:description\" content=\"[vc_row][vc_column][vc_column_text]TerapijaZa rje\u0161enje akutnih i kroni\u010dnih tegobaMasa\u017eaZa osje\u0107aj lako\u0107e i opu\u0161tenostiVje\u017ebeVa\u0161 alat za smanjenje bolova Usluge Masa\u017ea Klasi\u010dna masa\u017ea tijela Masa\u017ea u trudno\u0107i Trigger point Manualna terapija Osteopatija Miofascijalna relaksacija (MFR) &hellip;\" \/>\n<meta property=\"og:url\" content=\"https:\/\/fizio-misura.com\/\" \/>\n<meta property=\"og:site_name\" content=\"Viktorija Mi&scaron;ura Consult &amp; Therapy\" \/>\n<meta property=\"article:modified_time\" content=\"2024-07-06T15:17:24+00:00\" \/>\n<meta property=\"og:image\" content=\"https:\/\/fizio-misura.com\/wp-content\/uploads\/2023\/08\/Homepage-400_380.jpg\" \/>\n\t<meta property=\"og:image:width\" content=\"400\" \/>\n\t<meta property=\"og:image:height\" content=\"380\" \/>\n\t<meta property=\"og:image:type\" content=\"image\/jpeg\" \/>\n<meta name=\"twitter:card\" content=\"summary_large_image\" \/>\n<meta name=\"twitter:label1\" content=\"Procijenjeno vrijeme \u010ditanja\" \/>\n\t<meta name=\"twitter:data1\" content=\"5 minuta\" \/>\n<script type=\"application\/ld+json\" class=\"yoast-schema-graph\">{\"@context\":\"https:\\\/\\\/schema.org\",\"@graph\":[{\"@type\":\"WebPage\",\"@id\":\"https:\\\/\\\/fizio-misura.com\\\/\",\"url\":\"https:\\\/\\\/fizio-misura.com\\\/\",\"name\":\"Home - Viktorija Mi&scaron;ura Consult &amp; Therapy\",\"isPartOf\":{\"@id\":\"https:\\\/\\\/fizio-misura.com\\\/#website\"},\"primaryImageOfPage\":{\"@id\":\"https:\\\/\\\/fizio-misura.com\\\/#primaryimage\"},\"image\":{\"@id\":\"https:\\\/\\\/fizio-misura.com\\\/#primaryimage\"},\"thumbnailUrl\":\"https:\\\/\\\/fizio-misura.com\\\/wp-content\\\/uploads\\\/2023\\\/08\\\/Homepage-400_380.jpg\",\"datePublished\":\"2023-08-14T12:52:59+00:00\",\"dateModified\":\"2024-07-06T15:17:24+00:00\",\"breadcrumb\":{\"@id\":\"https:\\\/\\\/fizio-misura.com\\\/#breadcrumb\"},\"inLanguage\":\"hr\",\"potentialAction\":[{\"@type\":\"ReadAction\",\"target\":[\"https:\\\/\\\/fizio-misura.com\\\/\"]}]},{\"@type\":\"ImageObject\",\"inLanguage\":\"hr\",\"@id\":\"https:\\\/\\\/fizio-misura.com\\\/#primaryimage\",\"url\":\"https:\\\/\\\/fizio-misura.com\\\/wp-content\\\/uploads\\\/2023\\\/08\\\/Homepage-400_380.jpg\",\"contentUrl\":\"https:\\\/\\\/fizio-misura.com\\\/wp-content\\\/uploads\\\/2023\\\/08\\\/Homepage-400_380.jpg\",\"width\":400,\"height\":380},{\"@type\":\"BreadcrumbList\",\"@id\":\"https:\\\/\\\/fizio-misura.com\\\/#breadcrumb\",\"itemListElement\":[{\"@type\":\"ListItem\",\"position\":1,\"name\":\"Po\u010detna stranica\",\"item\":\"https:\\\/\\\/fizio-misura.com\\\/\"},{\"@type\":\"ListItem\",\"position\":2,\"name\":\"Home\"}]},{\"@type\":\"WebSite\",\"@id\":\"https:\\\/\\\/fizio-misura.com\\\/#website\",\"url\":\"https:\\\/\\\/fizio-misura.com\\\/\",\"name\":\"Viktorija Mi&scaron;ura Consult &amp; Therapy\",\"description\":\"\",\"publisher\":{\"@id\":\"https:\\\/\\\/fizio-misura.com\\\/#organization\"},\"potentialAction\":[{\"@type\":\"SearchAction\",\"target\":{\"@type\":\"EntryPoint\",\"urlTemplate\":\"https:\\\/\\\/fizio-misura.com\\\/?s={search_term_string}\"},\"query-input\":{\"@type\":\"PropertyValueSpecification\",\"valueRequired\":true,\"valueName\":\"search_term_string\"}}],\"inLanguage\":\"hr\"},{\"@type\":\"Organization\",\"@id\":\"https:\\\/\\\/fizio-misura.com\\\/#organization\",\"name\":\"Viktorija Mi&scaron;ura Consult &amp; Therapy\",\"url\":\"https:\\\/\\\/fizio-misura.com\\\/\",\"logo\":{\"@type\":\"ImageObject\",\"inLanguage\":\"hr\",\"@id\":\"https:\\\/\\\/fizio-misura.com\\\/#\\\/schema\\\/logo\\\/image\\\/\",\"url\":\"https:\\\/\\\/fizio-misura.com\\\/wp-content\\\/uploads\\\/2024\\\/07\\\/Horizontal-Full-Lockup-Monotone-Black.jpg\",\"contentUrl\":\"https:\\\/\\\/fizio-misura.com\\\/wp-content\\\/uploads\\\/2024\\\/07\\\/Horizontal-Full-Lockup-Monotone-Black.jpg\",\"width\":1380,\"height\":403,\"caption\":\"Viktorija Mi&scaron;ura Consult &amp; Therapy\"},\"image\":{\"@id\":\"https:\\\/\\\/fizio-misura.com\\\/#\\\/schema\\\/logo\\\/image\\\/\"}}]}<\/script>\n<!-- \/ Yoast SEO plugin. -->","yoast_head_json":{"title":"Home - Viktorija Mi&scaron;ura Consult &amp; Therapy","robots":{"index":"index","follow":"follow","max-snippet":"max-snippet:-1","max-image-preview":"max-image-preview:large","max-video-preview":"max-video-preview:-1"},"canonical":"https:\/\/fizio-misura.com\/","og_locale":"hr_HR","og_type":"article","og_title":"Home - Viktorija Mi&scaron;ura Consult &amp; Therapy","og_description":"[vc_row][vc_column][vc_column_text]TerapijaZa rje\u0161enje akutnih i kroni\u010dnih tegobaMasa\u017eaZa osje\u0107aj lako\u0107e i opu\u0161tenostiVje\u017ebeVa\u0161 alat za smanjenje bolova Usluge Masa\u017ea Klasi\u010dna masa\u017ea tijela Masa\u017ea u trudno\u0107i Trigger point Manualna terapija Osteopatija Miofascijalna relaksacija (MFR) &hellip;","og_url":"https:\/\/fizio-misura.com\/","og_site_name":"Viktorija Mi&scaron;ura Consult &amp; Therapy","article_modified_time":"2024-07-06T15:17:24+00:00","og_image":[{"width":400,"height":380,"url":"https:\/\/fizio-misura.com\/wp-content\/uploads\/2023\/08\/Homepage-400_380.jpg","type":"image\/jpeg"}],"twitter_card":"summary_large_image","twitter_misc":{"Procijenjeno vrijeme \u010ditanja":"5 minuta"},"schema":{"@context":"https:\/\/schema.org","@graph":[{"@type":"WebPage","@id":"https:\/\/fizio-misura.com\/","url":"https:\/\/fizio-misura.com\/","name":"Home - Viktorija Mi&scaron;ura Consult &amp; Therapy","isPartOf":{"@id":"https:\/\/fizio-misura.com\/#website"},"primaryImageOfPage":{"@id":"https:\/\/fizio-misura.com\/#primaryimage"},"image":{"@id":"https:\/\/fizio-misura.com\/#primaryimage"},"thumbnailUrl":"https:\/\/fizio-misura.com\/wp-content\/uploads\/2023\/08\/Homepage-400_380.jpg","datePublished":"2023-08-14T12:52:59+00:00","dateModified":"2024-07-06T15:17:24+00:00","breadcrumb":{"@id":"https:\/\/fizio-misura.com\/#breadcrumb"},"inLanguage":"hr","potentialAction":[{"@type":"ReadAction","target":["https:\/\/fizio-misura.com\/"]}]},{"@type":"ImageObject","inLanguage":"hr","@id":"https:\/\/fizio-misura.com\/#primaryimage","url":"https:\/\/fizio-misura.com\/wp-content\/uploads\/2023\/08\/Homepage-400_380.jpg","contentUrl":"https:\/\/fizio-misura.com\/wp-content\/uploads\/2023\/08\/Homepage-400_380.jpg","width":400,"height":380},{"@type":"BreadcrumbList","@id":"https:\/\/fizio-misura.com\/#breadcrumb","itemListElement":[{"@type":"ListItem","position":1,"name":"Po\u010detna stranica","item":"https:\/\/fizio-misura.com\/"},{"@type":"ListItem","position":2,"name":"Home"}]},{"@type":"WebSite","@id":"https:\/\/fizio-misura.com\/#website","url":"https:\/\/fizio-misura.com\/","name":"Viktorija Mi&scaron;ura Consult &amp; Therapy","description":"","publisher":{"@id":"https:\/\/fizio-misura.com\/#organization"},"potentialAction":[{"@type":"SearchAction","target":{"@type":"EntryPoint","urlTemplate":"https:\/\/fizio-misura.com\/?s={search_term_string}"},"query-input":{"@type":"PropertyValueSpecification","valueRequired":true,"valueName":"search_term_string"}}],"inLanguage":"hr"},{"@type":"Organization","@id":"https:\/\/fizio-misura.com\/#organization","name":"Viktorija Mi&scaron;ura Consult &amp; Therapy","url":"https:\/\/fizio-misura.com\/","logo":{"@type":"ImageObject","inLanguage":"hr","@id":"https:\/\/fizio-misura.com\/#\/schema\/logo\/image\/","url":"https:\/\/fizio-misura.com\/wp-content\/uploads\/2024\/07\/Horizontal-Full-Lockup-Monotone-Black.jpg","contentUrl":"https:\/\/fizio-misura.com\/wp-content\/uploads\/2024\/07\/Horizontal-Full-Lockup-Monotone-Black.jpg","width":1380,"height":403,"caption":"Viktorija Mi&scaron;ura Consult &amp; Therapy"},"image":{"@id":"https:\/\/fizio-misura.com\/#\/schema\/logo\/image\/"}}]}},"_links":{"self":[{"href":"https:\/\/fizio-misura.com\/index.php?rest_route=\/wp\/v2\/pages\/3228","targetHints":{"allow":["GET"]}}],"collection":[{"href":"https:\/\/fizio-misura.com\/index.php?rest_route=\/wp\/v2\/pages"}],"about":[{"href":"https:\/\/fizio-misura.com\/index.php?rest_route=\/wp\/v2\/types\/page"}],"author":[{"embeddable":true,"href":"https:\/\/fizio-misura.com\/index.php?rest_route=\/wp\/v2\/users\/1"}],"replies":[{"embeddable":true,"href":"https:\/\/fizio-misura.com\/index.php?rest_route=%2Fwp%2Fv2%2Fcomments&post=3228"}],"version-history":[{"count":431,"href":"https:\/\/fizio-misura.com\/index.php?rest_route=\/wp\/v2\/pages\/3228\/revisions"}],"predecessor-version":[{"id":4400,"href":"https:\/\/fizio-misura.com\/index.php?rest_route=\/wp\/v2\/pages\/3228\/revisions\/4400"}],"wp:featuredmedia":[{"embeddable":true,"href":"https:\/\/fizio-misura.com\/index.php?rest_route=\/wp\/v2\/media\/3249"}],"wp:attachment":[{"href":"https:\/\/fizio-misura.com\/index.php?rest_route=%2Fwp%2Fv2%2Fmedia&parent=3228"}],"curies":[{"name":"wp","href":"https:\/\/api.w.org\/{rel}","templated":true}]}}