{"id":2655,"date":"2023-08-13T18:23:41","date_gmt":"2023-08-13T16:23:41","guid":{"rendered":"https:\/\/endointegra.com\/?page_id=2655"},"modified":"2023-09-05T11:13:48","modified_gmt":"2023-09-05T09:13:48","slug":"get-a-quote","status":"publish","type":"page","link":"https:\/\/fizio-misura.com\/?page_id=2655","title":{"rendered":"Kegelove vje\u017ebe"},"content":{"rendered":"<h2>Kegelove vje\u017ebe<\/h2>\n<h2>\n<p>Kako oja\u010dati mi\u0161i\u0107e <br \/>zdjeli\u010dnog dna?<\/h2>\n<p style=\"text-align: center;\">Pelvic floor terapija<\/p>\n<p>\t\t\t\t\t\t\t\t\t\t\t\t\t\t\t<img decoding=\"async\" width=\"767\" height=\"512\" src=\"https:\/\/xn--fizio-miura-nhc.hr\/wp-content\/uploads\/2023\/08\/pexels-karolina-grabowska-7281538-1024x683.jpg\" alt=\"\" loading=\"lazy\" srcset=\"https:\/\/xn--fizio-miura-nhc.hr\/wp-content\/uploads\/2023\/08\/pexels-karolina-grabowska-7281538-1024x683.jpg 1024w, https:\/\/xn--fizio-miura-nhc.hr\/wp-content\/uploads\/2023\/08\/pexels-karolina-grabowska-7281538-300x200.jpg 300w, https:\/\/xn--fizio-miura-nhc.hr\/wp-content\/uploads\/2023\/08\/pexels-karolina-grabowska-7281538-768x512.jpg 768w, https:\/\/xn--fizio-miura-nhc.hr\/wp-content\/uploads\/2023\/08\/pexels-karolina-grabowska-7281538-1536x1024.jpg 1536w, https:\/\/xn--fizio-miura-nhc.hr\/wp-content\/uploads\/2023\/08\/pexels-karolina-grabowska-7281538-2048x1365.jpg 2048w, https:\/\/xn--fizio-miura-nhc.hr\/wp-content\/uploads\/2023\/08\/pexels-karolina-grabowska-7281538-90x60.jpg 90w, https:\/\/xn--fizio-miura-nhc.hr\/wp-content\/uploads\/2023\/08\/pexels-karolina-grabowska-7281538-370x247.jpg 370w, https:\/\/xn--fizio-miura-nhc.hr\/wp-content\/uploads\/2023\/08\/pexels-karolina-grabowska-7281538-776x517.jpg 776w\" sizes=\"auto, (max-width: 767px) 100vw, 767px\" \/>\t\t\t\t\t\t\t\t\t\t\t\t\t\t\t<\/p>\n<p>Primjetili ste da te\u017ee kontrolirate mokrenje. Doga\u0111aju se situacije kada Vam jednostavno &#8216;pobjegne&#8217; i ne mo\u017eete to sprije\u010diti ma \u0161to god napravili. Osje\u0107ate da je sve slabo u tom podru\u010dju. Kada negdje idete prvo gledate ima li tamo toaleta. Odlazak na putovanje, pa \u010dak i u kino i kazali\u0161te postali su neizvedivi jer se bojite da ne\u0107ete sti\u0107i do toaleta. Izbjegavate piti vodu- da biste manje mokrili. Ginekolog je na zadnjem pregledu ustanovio slabost mi\u0161i\u0107a zdjeli\u010dnog dna, mo\u017eda \u010dak i prolaps (spu\u0161tanje) mjehura i\/ili maternice i dobili ste uputu da radite Kegelove vje\u017ebe.\u00a0<\/p>\n<p>Sigurno ste ve\u0107 \u010duli za Kegelove vje\u017ebe, ali ne znate kako se one izvode. Bojite se i po\u010deti da ne biste radili ne\u0161to krivo.<\/p>\n<p>U pravu ste ako mislite da Vas uputa: &#8216;Stisnite mi\u0161i\u0107e zdjeli\u010dnog dna 10x le\u017ee\u0107i, sjede\u0107i i stoje\u0107i&#8217; ne\u0107e nigdje odvesti. I ne\u0107e.<\/p>\n<p>Mi\u0161i\u0107i zdjeli\u010dnog dna su mali i ne vide se (zato ih nismo niti svjesni). Oja\u010dati ih zaista nije problem, ukoliko ih osvjestite i znate kako raditi vje\u017ebe. A u tome \u0107e Vam fizioterapija za zdjeli\u010dno zdravlje (pelvic floor terapija) biti od izuzetne pomo\u0107i.<\/p>\n<h2>Vje\u017ebe za ja\u010danje mi\u0161i\u0107a zdjeli\u010dnog dna<\/h2>\n<p>Znam koliko je frustriraju\u0107e kada imate problem\u00a0 koji Vam u toliko sfera utje\u010de na kvalitetu \u017eivota i znate da postoje vje\u017ebe koje \u0107e Vam pomo\u0107i, ali ne znate koga pitati i kome se obratiti. Vjerojatno ste ve\u0107 ne\u0161to sami i probavali, ali nije Vas nigdje odvelo, pa ste razo\u010darano odustali.\u00a0<\/p>\n<p>Oja\u010dati mi\u0161i\u0107e zdjeli\u010dnog dna nije te\u0161ko, samo je bitno osvjestiti ih i raditi adekvatne vje\u017ebe. Po\u010dinje se s laganijim vje\u017ebama, kako biste mogli kontrolirati aktivaciju mi\u0161i\u0107a pa se ide postepeno prema zahtjevnijim vje\u017ebama. Tada su one u\u010dinkovite i donose rezultate. \u017dene (ali i mu\u0161karci) se iznenade koliko brzo vide promjenu kada rade ispravo. Ja\u010danje mi\u0161i\u0107a zdjeli\u010dnog dna je proces, nije zahtjevan, ali treba vje\u017ebati pametno i postepeno.\u00a0<\/p>\n<p>Zato se najbolje rje\u0161enje pokazalo vje\u017ebanje u obliku programa u\u00a0 kojemu imate vodstvo od po\u010detka do kraja i to\u010dno znate \u0161to i kako trebate raditi. Trening mi\u0161i\u0107a zdjeli\u010dnog dna provodim od 2015. godine, koji je pomagao na stotine klijenata da rije\u0161e svoje tegobe.<\/p>\n<h3>Iskustva klijenata<\/h3>\n<p>\t\t\t\t\t\t<i>&#xE934;<\/i><i>&#xE934;<\/i><i>&#xE934;<\/i><i>&#xE934;<\/i><i>&#xE934;<\/i> 5\/5<br \/>\n\t\t\t\t\t\t\tKada sam ostala trudna drugi put, susretale smo se u vezi pote\u0161ko\u0107a sa zdjeli\u010dnim dnom pri \u010demu je Viktorija prilagodila vje\u017ebe meni i mom zdravstvenom statusu. Viktoriji se uvijek vra\u0107am jer je s njom jako ugodno sura\u0111ivati, suosje\u0107ajna je i zna slu\u0161ati. Moje tople preporuke svim \u017eenama koje se bore s problemima reproduktivnog zdravlja.<br \/>\n\t\t\t\t\t\t\t\t\t\t\t\t\t\tMihaela<br \/>\n\t\t\t\t\t\t<i>&#xE934;<\/i><i>&#xE934;<\/i><i>&#xE934;<\/i><i>&#xE934;<\/i><i>&#xE934;<\/i> 5\/5<br \/>\n\t\t\t\t\t\t\tBila sam u potrazi za osobom koja bi mi pomogla da smanjim svoje zdravstvene tegobe i postepeno se vratim u formu nakon dugog mirovanja tijekom trajanja pandemije. Zahvalna sam \u0161to me to tra\u017eenje dovelo do Viktorije, koja se detaljno upoznala s mojim potrebama i zdravstvenim problemima, strpljivo i pa\u017eljivo prati moje stanje i sukladno tome prilago\u0111ava vje\u017ebe.<br \/>\n\t\t\t\t\t\t\t\t\t\t\t\t\t\tBo\u017eica<br \/>\n\t\t\t\t\t\t\t\t\t\t\t\t\t\t\t<img decoding=\"async\" width=\"300\" height=\"300\" src=\"https:\/\/xn--fizio-miura-nhc.hr\/wp-content\/uploads\/2023\/08\/Blue-Modern-Linkedin-Profile-Picture-1-300x300.png\" alt=\"\" loading=\"lazy\" srcset=\"https:\/\/xn--fizio-miura-nhc.hr\/wp-content\/uploads\/2023\/08\/Blue-Modern-Linkedin-Profile-Picture-1-300x300.png 300w, https:\/\/xn--fizio-miura-nhc.hr\/wp-content\/uploads\/2023\/08\/Blue-Modern-Linkedin-Profile-Picture-1-150x150.png 150w, https:\/\/xn--fizio-miura-nhc.hr\/wp-content\/uploads\/2023\/08\/Blue-Modern-Linkedin-Profile-Picture-1-768x768.png 768w, https:\/\/xn--fizio-miura-nhc.hr\/wp-content\/uploads\/2023\/08\/Blue-Modern-Linkedin-Profile-Picture-1-60x60.png 60w, https:\/\/xn--fizio-miura-nhc.hr\/wp-content\/uploads\/2023\/08\/Blue-Modern-Linkedin-Profile-Picture-1-540x540.png 540w, https:\/\/xn--fizio-miura-nhc.hr\/wp-content\/uploads\/2023\/08\/Blue-Modern-Linkedin-Profile-Picture-1-90x90.png 90w, https:\/\/xn--fizio-miura-nhc.hr\/wp-content\/uploads\/2023\/08\/Blue-Modern-Linkedin-Profile-Picture-1.png 800w\" sizes=\"auto, (max-width: 300px) 100vw, 300px\" \/>\t\t\t\t\t\t\t\t\t\t\t\t\t\t\t<\/p>\n<h4>Viktorija Mi\u0161ura, D.O., fizioterapeut<\/h4>\n<p>\t\tDiplomirala sam na Stru\u010dnom studiju fizioterapije u Zagrebu 2012. godine.Pripravni\u010dki sta\u017e i radno iskustvo stjecala sam u Privatnoj praksi fizikalne terapije Jadranka Brozd u kojoj sam radila 10 godina.Uz brojne edukacije iz podru\u010dja manualne terapije i masa\u017ee;\u00a02021. godine diplomirala sam na Hrvatskoj\u00a0 akademiji osteopatije.\u00a0Jo\u0161 tijekom studija fizioterapije, na kolegiju ginekologije i porodni\u0161tva osjetila sam poseban interes u ovome podru\u010dju. Kroz rad, shvatila sam da je to moj poziv. Iz tog razloga kontinuirano se educiram kako bih \u0161to vi\u0161e i kvalitetnije pomogla \u017eenama i mu\u0161karcima sa zdjeli\u010dnim tegobama.\u00a0\t\t<\/p>\n<h3>U\u010dinci vje\u017ebi:<\/h3>\n<ul>\n<li>\n\t\t\t\t\t\t\t\t\t\t&#8211; ja\u010danje mi\u0161i\u0107a zdjeli\u010dnog dna\n\t\t\t\t\t\t\t\t\t<\/li>\n<li>\n\t\t\t\t\t\t\t\t\t\t&#8211; prestanak inkontinencije i uspostava kontrole mokrenja\n\t\t\t\t\t\t\t\t\t<\/li>\n<li>\n\t\t\t\t\t\t\t\t\t\t&#8211; smanjenje prolapsa maternice i jajnika\n\t\t\t\t\t\t\t\t\t<\/li>\n<\/ul>\n<ul>\n<li>\n\t\t\t\t\t\t\t\t\t\t&#8211; prevencija i smanjenje bolova u le\u0111ima\n\t\t\t\t\t\t\t\t\t<\/li>\n<li>\n\t\t\t\t\t\t\t\t\t\t&#8211; oporavak nakon poroda i epiziotomije\n\t\t\t\t\t\t\t\t\t<\/li>\n<li>\n\t\t\t\t\t\t\t\t\t\t&#8211; pobolj\u0161anje seksualne funkcije\n\t\t\t\t\t\t\t\t\t<\/li>\n<\/ul>\n<h2>BONUS: Procjenite jakost va\u0161ih zdjeli\u010dnih mi\u0161i\u0107a<\/h2>\n<p style=\"text-align: center;\">Potpuno besplatno saznajte koliko su jaki (ili slabi) Va\u0161i mi\u0161i\u0107i. Dobiti \u0107ete jasne i jednostavne upute, a i saznati odgovore koji Vas zanimaju!<\/p>\n<p style=\"text-align: center;\">Prijavite se putem maila viktorija.misura@gmail.com.<\/p>\n<p style=\"text-align: center;\">\u00a0<\/p>\n<h3>Program za ja\u010danje mi\u0161i\u0107a zdjeli\u010dnog dna je za Vas ako:<\/h3>\n<p>&#8211; \u017eelite oja\u010dati mi\u0161i\u0107e zdjeli\u010dnog dna<\/p>\n<p>&#8211; ne uspjevate zadr\u017eati mokra\u0107u pri naporu (ka\u0161ljanje, kihanje, smijanje, tr\u010danje, skakanje i sl.)<\/p>\n<p>&#8211; je ginekolo\u0161kim pregledom ustanovljeno da imate prolaps (spu\u0161tanje) maternice i\/ili mjehura<\/p>\n<p>&#8211; ako ste rodili i \u017eelite se \u0161to prije oporaviti i vratiti snagu trbu\u0161nim i zdjeli\u010dnim mi\u0161i\u0107ima<\/p>\n<p>&#8211; ako imate smanjenu spolnu funkciju<\/p>\n<h3>Od \u010dega se program sastoji?<\/h3>\n<p>&#8211; individualnih konzultacija kako bih se upoznala s Va\u0161im tegobama, \u017eeljama i ciljevima<\/p>\n<p>&#8211; od konkretnih i jasnih uputa vje\u017ebi koje radite individualno za ja\u010danje mi\u0161i\u0107a zdjeli\u010dnog dna, a nadogra\u0111uju se svaka 2 tjedna<\/p>\n<p>&#8211; snimljenih vje\u017eb koje je po\u017eeljno raditi 2- 3x tjedno u trajanju od 20- tak min u kojima se radi na ostalim posturalnim komponentama bitnim za \u0161to bolje i br\u017ee rezultate (mobilnost zdjelice i donjih ekstremiteta, lumbalne kralje\u017enice, ramenog obru\u010da)<\/p>\n<p>&#8211; moje vodstvo i podr\u0161ka tijekom programa<\/p>\n<p>&#8211; zavr\u0161ne konzultacije<\/p>\n<h2>Po\u010detak programa:<br \/>\n18.9. 2023.<\/h2>\n<p>\t\t\t<a href=\"https:\/\/xn--fizio-miura-nhc.hr\/?page_id=265\"><br \/>\n\t\t\t\t\t\tPrijava<br \/>\n\t\t\t\t\t<\/a><\/p>\n<h2>Prijave su otvorene do: 11.9.2023.<\/h2>\n<p>\t\t\t\t\t\t\t\t\t\t\t\t<a tabindex=\"0\">Trajanje programa<\/a><\/p>\n<p>2 mjeseca<\/p>\n<p>\t\t\t\t\t\t\t\t\t\t\t\t<a tabindex=\"0\">Cijena<\/a><\/p>\n<p>Cijena programa je 40 eura mjese\u010dno, dakle sveukupno 80 eura.<\/p>\n<p>\t\t\t\t\t\t\t\t\t\t\t\t<a tabindex=\"0\">Lokacija<\/a><\/p>\n<p>Online putem zoom platforme.<\/p>\n<p>\t\t\t\t\t\t\t\t\t\t\t\t<a tabindex=\"0\">Kada se program odr\u017eava? Mogu li se priklju\u010diti bilo kada?<\/a><\/p>\n<p>Program se odr\u017eava u ciklusima. Dakle, nije mogu\u0107e uklju\u010diti se bilo kada u program jer kada program krene ne primaju se novi polaznici. To je iz razloga \u0161to vas vodim postepeno od jednostavnijih prema zahtjevnijim vje\u017ebama. Uvije se mo\u017eete prijaviti na listu \u010dekanja za slijede\u0107u grupu.<\/p>\n<p>\t\t\t\t\t\t\t\t\t\t\t\t<a tabindex=\"0\">\u0160to ako mi se program ne svidi?<\/a><\/p>\n<p>Ako Vam se program ne svidi, mo\u017eete odustati u bilo kojem trenutku i u potpunosti \u0107ete dobiti povrat novaca.<\/p>\n","protected":false},"excerpt":{"rendered":"<p>Kegelove vje\u017ebe Kako oja\u010dati mi\u0161i\u0107e zdjeli\u010dnog dna? Pelvic floor terapija Primjetili ste da te\u017ee kontrolirate mokrenje. Doga\u0111aju se situacije kada Vam jednostavno &#8216;pobjegne&#8217; i ne mo\u017eete to sprije\u010diti ma \u0161to &hellip; <\/p>\n","protected":false},"author":1,"featured_media":0,"parent":0,"menu_order":0,"comment_status":"closed","ping_status":"closed","template":"elementor_header_footer","meta":{"footnotes":""},"class_list":["post-2655","page","type-page","status-publish","hentry","latest_post"],"yoast_head":"<!-- This site is optimized with the Yoast SEO plugin v27.5 - https:\/\/yoast.com\/product\/yoast-seo-wordpress\/ -->\n<title>Kegelove vje\u017ebe - Viktorija Mi&scaron;ura Consult &amp; Therapy<\/title>\n<meta name=\"robots\" content=\"index, follow, max-snippet:-1, max-image-preview:large, max-video-preview:-1\" \/>\n<link rel=\"canonical\" href=\"https:\/\/fizio-misura.com\/?page_id=2655\" \/>\n<meta property=\"og:locale\" content=\"hr_HR\" \/>\n<meta property=\"og:type\" content=\"article\" \/>\n<meta property=\"og:title\" content=\"Kegelove vje\u017ebe - Viktorija Mi&scaron;ura Consult &amp; Therapy\" \/>\n<meta property=\"og:description\" content=\"Kegelove vje\u017ebe Kako oja\u010dati mi\u0161i\u0107e zdjeli\u010dnog dna? Pelvic floor terapija Primjetili ste da te\u017ee kontrolirate mokrenje. Doga\u0111aju se situacije kada Vam jednostavno &#8216;pobjegne&#8217; i ne mo\u017eete to sprije\u010diti ma \u0161to &hellip;\" \/>\n<meta property=\"og:url\" content=\"https:\/\/fizio-misura.com\/?page_id=2655\" \/>\n<meta property=\"og:site_name\" content=\"Viktorija Mi&scaron;ura Consult &amp; Therapy\" \/>\n<meta property=\"article:modified_time\" content=\"2023-09-05T09:13:48+00:00\" \/>\n<meta property=\"og:image\" content=\"https:\/\/xn--fizio-miura-nhc.hr\/wp-content\/uploads\/2023\/08\/pexels-karolina-grabowska-7281538-1024x683.jpg\" \/>\n<meta name=\"twitter:card\" content=\"summary_large_image\" \/>\n<meta name=\"twitter:label1\" content=\"Procijenjeno vrijeme \u010ditanja\" \/>\n\t<meta name=\"twitter:data1\" content=\"6 minuta\" \/>\n<script type=\"application\/ld+json\" class=\"yoast-schema-graph\">{\"@context\":\"https:\\\/\\\/schema.org\",\"@graph\":[{\"@type\":\"WebPage\",\"@id\":\"https:\\\/\\\/fizio-misura.com\\\/?page_id=2655\",\"url\":\"https:\\\/\\\/fizio-misura.com\\\/?page_id=2655\",\"name\":\"Kegelove vje\u017ebe - Viktorija Mi&scaron;ura Consult &amp; Therapy\",\"isPartOf\":{\"@id\":\"https:\\\/\\\/fizio-misura.com\\\/#website\"},\"primaryImageOfPage\":{\"@id\":\"https:\\\/\\\/fizio-misura.com\\\/?page_id=2655#primaryimage\"},\"image\":{\"@id\":\"https:\\\/\\\/fizio-misura.com\\\/?page_id=2655#primaryimage\"},\"thumbnailUrl\":\"https:\\\/\\\/xn--fizio-miura-nhc.hr\\\/wp-content\\\/uploads\\\/2023\\\/08\\\/pexels-karolina-grabowska-7281538-1024x683.jpg\",\"datePublished\":\"2023-08-13T16:23:41+00:00\",\"dateModified\":\"2023-09-05T09:13:48+00:00\",\"breadcrumb\":{\"@id\":\"https:\\\/\\\/fizio-misura.com\\\/?page_id=2655#breadcrumb\"},\"inLanguage\":\"hr\",\"potentialAction\":[{\"@type\":\"ReadAction\",\"target\":[\"https:\\\/\\\/fizio-misura.com\\\/?page_id=2655\"]}]},{\"@type\":\"ImageObject\",\"inLanguage\":\"hr\",\"@id\":\"https:\\\/\\\/fizio-misura.com\\\/?page_id=2655#primaryimage\",\"url\":\"https:\\\/\\\/xn--fizio-miura-nhc.hr\\\/wp-content\\\/uploads\\\/2023\\\/08\\\/pexels-karolina-grabowska-7281538-1024x683.jpg\",\"contentUrl\":\"https:\\\/\\\/xn--fizio-miura-nhc.hr\\\/wp-content\\\/uploads\\\/2023\\\/08\\\/pexels-karolina-grabowska-7281538-1024x683.jpg\"},{\"@type\":\"BreadcrumbList\",\"@id\":\"https:\\\/\\\/fizio-misura.com\\\/?page_id=2655#breadcrumb\",\"itemListElement\":[{\"@type\":\"ListItem\",\"position\":1,\"name\":\"Po\u010detna stranica\",\"item\":\"https:\\\/\\\/fizio-misura.com\\\/\"},{\"@type\":\"ListItem\",\"position\":2,\"name\":\"Kegelove vje\u017ebe\"}]},{\"@type\":\"WebSite\",\"@id\":\"https:\\\/\\\/fizio-misura.com\\\/#website\",\"url\":\"https:\\\/\\\/fizio-misura.com\\\/\",\"name\":\"Viktorija Mi&scaron;ura Consult &amp; Therapy\",\"description\":\"\",\"publisher\":{\"@id\":\"https:\\\/\\\/fizio-misura.com\\\/#organization\"},\"potentialAction\":[{\"@type\":\"SearchAction\",\"target\":{\"@type\":\"EntryPoint\",\"urlTemplate\":\"https:\\\/\\\/fizio-misura.com\\\/?s={search_term_string}\"},\"query-input\":{\"@type\":\"PropertyValueSpecification\",\"valueRequired\":true,\"valueName\":\"search_term_string\"}}],\"inLanguage\":\"hr\"},{\"@type\":\"Organization\",\"@id\":\"https:\\\/\\\/fizio-misura.com\\\/#organization\",\"name\":\"Viktorija Mi&scaron;ura Consult &amp; Therapy\",\"url\":\"https:\\\/\\\/fizio-misura.com\\\/\",\"logo\":{\"@type\":\"ImageObject\",\"inLanguage\":\"hr\",\"@id\":\"https:\\\/\\\/fizio-misura.com\\\/#\\\/schema\\\/logo\\\/image\\\/\",\"url\":\"https:\\\/\\\/fizio-misura.com\\\/wp-content\\\/uploads\\\/2024\\\/07\\\/Horizontal-Full-Lockup-Monotone-Black.jpg\",\"contentUrl\":\"https:\\\/\\\/fizio-misura.com\\\/wp-content\\\/uploads\\\/2024\\\/07\\\/Horizontal-Full-Lockup-Monotone-Black.jpg\",\"width\":1380,\"height\":403,\"caption\":\"Viktorija Mi&scaron;ura Consult &amp; Therapy\"},\"image\":{\"@id\":\"https:\\\/\\\/fizio-misura.com\\\/#\\\/schema\\\/logo\\\/image\\\/\"}}]}<\/script>\n<!-- \/ Yoast SEO plugin. -->","yoast_head_json":{"title":"Kegelove vje\u017ebe - Viktorija Mi&scaron;ura Consult &amp; Therapy","robots":{"index":"index","follow":"follow","max-snippet":"max-snippet:-1","max-image-preview":"max-image-preview:large","max-video-preview":"max-video-preview:-1"},"canonical":"https:\/\/fizio-misura.com\/?page_id=2655","og_locale":"hr_HR","og_type":"article","og_title":"Kegelove vje\u017ebe - Viktorija Mi&scaron;ura Consult &amp; Therapy","og_description":"Kegelove vje\u017ebe Kako oja\u010dati mi\u0161i\u0107e zdjeli\u010dnog dna? Pelvic floor terapija Primjetili ste da te\u017ee kontrolirate mokrenje. Doga\u0111aju se situacije kada Vam jednostavno &#8216;pobjegne&#8217; i ne mo\u017eete to sprije\u010diti ma \u0161to &hellip;","og_url":"https:\/\/fizio-misura.com\/?page_id=2655","og_site_name":"Viktorija Mi&scaron;ura Consult &amp; Therapy","article_modified_time":"2023-09-05T09:13:48+00:00","og_image":[{"url":"https:\/\/xn--fizio-miura-nhc.hr\/wp-content\/uploads\/2023\/08\/pexels-karolina-grabowska-7281538-1024x683.jpg","type":"","width":"","height":""}],"twitter_card":"summary_large_image","twitter_misc":{"Procijenjeno vrijeme \u010ditanja":"6 minuta"},"schema":{"@context":"https:\/\/schema.org","@graph":[{"@type":"WebPage","@id":"https:\/\/fizio-misura.com\/?page_id=2655","url":"https:\/\/fizio-misura.com\/?page_id=2655","name":"Kegelove vje\u017ebe - Viktorija Mi&scaron;ura Consult &amp; Therapy","isPartOf":{"@id":"https:\/\/fizio-misura.com\/#website"},"primaryImageOfPage":{"@id":"https:\/\/fizio-misura.com\/?page_id=2655#primaryimage"},"image":{"@id":"https:\/\/fizio-misura.com\/?page_id=2655#primaryimage"},"thumbnailUrl":"https:\/\/xn--fizio-miura-nhc.hr\/wp-content\/uploads\/2023\/08\/pexels-karolina-grabowska-7281538-1024x683.jpg","datePublished":"2023-08-13T16:23:41+00:00","dateModified":"2023-09-05T09:13:48+00:00","breadcrumb":{"@id":"https:\/\/fizio-misura.com\/?page_id=2655#breadcrumb"},"inLanguage":"hr","potentialAction":[{"@type":"ReadAction","target":["https:\/\/fizio-misura.com\/?page_id=2655"]}]},{"@type":"ImageObject","inLanguage":"hr","@id":"https:\/\/fizio-misura.com\/?page_id=2655#primaryimage","url":"https:\/\/xn--fizio-miura-nhc.hr\/wp-content\/uploads\/2023\/08\/pexels-karolina-grabowska-7281538-1024x683.jpg","contentUrl":"https:\/\/xn--fizio-miura-nhc.hr\/wp-content\/uploads\/2023\/08\/pexels-karolina-grabowska-7281538-1024x683.jpg"},{"@type":"BreadcrumbList","@id":"https:\/\/fizio-misura.com\/?page_id=2655#breadcrumb","itemListElement":[{"@type":"ListItem","position":1,"name":"Po\u010detna stranica","item":"https:\/\/fizio-misura.com\/"},{"@type":"ListItem","position":2,"name":"Kegelove vje\u017ebe"}]},{"@type":"WebSite","@id":"https:\/\/fizio-misura.com\/#website","url":"https:\/\/fizio-misura.com\/","name":"Viktorija Mi&scaron;ura Consult &amp; Therapy","description":"","publisher":{"@id":"https:\/\/fizio-misura.com\/#organization"},"potentialAction":[{"@type":"SearchAction","target":{"@type":"EntryPoint","urlTemplate":"https:\/\/fizio-misura.com\/?s={search_term_string}"},"query-input":{"@type":"PropertyValueSpecification","valueRequired":true,"valueName":"search_term_string"}}],"inLanguage":"hr"},{"@type":"Organization","@id":"https:\/\/fizio-misura.com\/#organization","name":"Viktorija Mi&scaron;ura Consult &amp; Therapy","url":"https:\/\/fizio-misura.com\/","logo":{"@type":"ImageObject","inLanguage":"hr","@id":"https:\/\/fizio-misura.com\/#\/schema\/logo\/image\/","url":"https:\/\/fizio-misura.com\/wp-content\/uploads\/2024\/07\/Horizontal-Full-Lockup-Monotone-Black.jpg","contentUrl":"https:\/\/fizio-misura.com\/wp-content\/uploads\/2024\/07\/Horizontal-Full-Lockup-Monotone-Black.jpg","width":1380,"height":403,"caption":"Viktorija Mi&scaron;ura Consult &amp; Therapy"},"image":{"@id":"https:\/\/fizio-misura.com\/#\/schema\/logo\/image\/"}}]}},"_links":{"self":[{"href":"https:\/\/fizio-misura.com\/index.php?rest_route=\/wp\/v2\/pages\/2655","targetHints":{"allow":["GET"]}}],"collection":[{"href":"https:\/\/fizio-misura.com\/index.php?rest_route=\/wp\/v2\/pages"}],"about":[{"href":"https:\/\/fizio-misura.com\/index.php?rest_route=\/wp\/v2\/types\/page"}],"author":[{"embeddable":true,"href":"https:\/\/fizio-misura.com\/index.php?rest_route=\/wp\/v2\/users\/1"}],"replies":[{"embeddable":true,"href":"https:\/\/fizio-misura.com\/index.php?rest_route=%2Fwp%2Fv2%2Fcomments&post=2655"}],"version-history":[{"count":149,"href":"https:\/\/fizio-misura.com\/index.php?rest_route=\/wp\/v2\/pages\/2655\/revisions"}],"predecessor-version":[{"id":4150,"href":"https:\/\/fizio-misura.com\/index.php?rest_route=\/wp\/v2\/pages\/2655\/revisions\/4150"}],"wp:attachment":[{"href":"https:\/\/fizio-misura.com\/index.php?rest_route=%2Fwp%2Fv2%2Fmedia&parent=2655"}],"curies":[{"name":"wp","href":"https:\/\/api.w.org\/{rel}","templated":true}]}}