{"id":2,"date":"2022-12-01T19:53:26","date_gmt":"2022-12-01T18:53:26","guid":{"rendered":"https:\/\/endointegra.com\/?page_id=2"},"modified":"2023-08-21T14:05:47","modified_gmt":"2023-08-21T12:05:47","slug":"sample-page","status":"publish","type":"page","link":"https:\/\/fizio-misura.com\/?page_id=2","title":{"rendered":"Biografija"},"content":{"rendered":"<h3>Viktorija Mi\u0161ura<\/h3>\n<p>\t\t\t\t\t\t\t\t\t\t\t\t\t\t\t<img decoding=\"async\" width=\"767\" height=\"767\" src=\"https:\/\/endointegra.com\/wp-content\/uploads\/2023\/08\/Modern-Profile-Photo-Instagram-Post-1024x1024.png\" alt=\"\" loading=\"lazy\" srcset=\"https:\/\/endointegra.com\/wp-content\/uploads\/2023\/08\/Modern-Profile-Photo-Instagram-Post-1024x1024.png 1024w, https:\/\/endointegra.com\/wp-content\/uploads\/2023\/08\/Modern-Profile-Photo-Instagram-Post-300x300.png 300w, https:\/\/endointegra.com\/wp-content\/uploads\/2023\/08\/Modern-Profile-Photo-Instagram-Post-150x150.png 150w, https:\/\/endointegra.com\/wp-content\/uploads\/2023\/08\/Modern-Profile-Photo-Instagram-Post-768x768.png 768w, https:\/\/endointegra.com\/wp-content\/uploads\/2023\/08\/Modern-Profile-Photo-Instagram-Post-60x60.png 60w, https:\/\/endointegra.com\/wp-content\/uploads\/2023\/08\/Modern-Profile-Photo-Instagram-Post.png 1080w\" sizes=\"auto, (max-width: 767px) 100vw, 767px\" \/><br \/>\n\t\tRo\u0111ena sam u Zagrebu 1990. godine. \u017divjela sam i odrasla u Daruvaru gdje sam zavr\u0161ila Op\u0107u gimnaziju. Diplomirala sam na Stru\u010dnom studiju fizioterapije u Zagrebu 2012. godine. Pripravni\u010dki sta\u017e i radno iskustvo stjecala sam u Privatnoj praksi fizikalne terapije Jadranka Brozd u kojoj sam radila 10 godina. Uz brojne edukacije iz podru\u010dja manualne terapije i masa\u017ee; 2021. godine diplomirala sam na Hrvatskoj\u00a0 akademiji osteopatije. Nakon 10- togodi\u0161njeg radnog iskustva, pokre\u0107em vlastiti posao.\u00a0\t\t<\/p>\n<h4>Fizioterapija mi\u0161i\u0107no- ko\u0161tanog sustava<\/h4>\n<p>Prvo radno iskustvo stjecala sam rade\u0107i s ljudima koji su imali &#8216;klasi\u010dne&#8217; tegobe dana\u0161njice- bolove u le\u0111ima, napetost u ramenima i vratu, glavobolje, vrtoglavice, probleme s zglobovima, ozljede tetiva i ligamenata. Edukacijom sam postizala sve bolje rezultate.<\/p>\n<p>Danas u radu kombiniram alate\/ vje\u0161tine iz podru\u010dja manualne terapije, masa\u017ee i vje\u017ebi kako\u00a0 bi klijent br\u017ee postigao rezultat, ali i ono \u0161to je jo\u0161 bitnije postigao dugoro\u010dne rezultate i nau\u010dio kako da odr\u017eava stanje, odnosno da usvoji dobre navike kojima \u010dini dobro za svoje tjelesno zdravlje.<\/p>\n<h4>Fizioterapija u urologiji, ginekologiji i porodni\u0161tvu<\/h4>\n<p>\t\tJo\u0161 tijekom studija fizioterapije, na kolegiju ginekologije i porodni\u0161tva osjetila sam poseban interes u ovome podru\u010dju. Kroz rad, shvatila sam da je to moj poziv. Iz tog razloga kontinuirano se educiram kako bih \u0161to vi\u0161e i kvalitetnije pomogla \u017eenama i mu\u0161karcima sa zdjeli\u010dnim tegobama.\u00a0\u00a0Endometrioza za mene ima osobit zna\u010daj. Iako nemam dijagnozu, upoznata sam s tegobama iz prve ruke od bliskih osoba. Zato sam 2020. godine napravila istra\u017eivanje i zavr\u0161ni rad na temu &#8216;Utjecaj osteopatije na simptome endometrioze&#8217; pri \u010demu sam u\u0161la duboko u temu, a rezultati su se pokazali vrlo dobri. Danas, mnogo klijentica dolazi upravo zbog dijagnoze endometrioze i bolova. Cilj mi je pomo\u0107i \u017eenama da smanje svoje tegobe i \u017eive kvalitetnije.\u00a0<\/p>\n<p>Iako je napoznatiji izraz za tretiranje zdjeli\u010dnih tegoba <b>&#8216;pelvic floor&#8217; rehabilitacija<\/b>, na\u010dini na koje se mo\u017ee djelovati kroz pokret, vje\u017ebe i manualnu terapiju su zapravo puno vi\u0161e od toga. Puno toga se mo\u017ee napraviti za zdjeli\u010dno zdravlje, ali i funkciju tijela op\u0107enito kroz najprirodniji mogu\u0107i na\u010din- pokret.<\/p>\n<h4>Neregularni ciklusi &amp; podr\u0161ka pri za\u010de\u0107u<\/h4>\n<p>I sama sam iskusila probleme disbalansa spolnih hormona, cista na jajnicima, kroni\u010dne upale zbog \u010dega su mi ginekolozi prognozirali ote\u017eano za\u010de\u0107e i trudno\u0107u.<\/p>\n<p>Zato sam bila posebno odu\u0161evljena i inspirirana kada sam \u010dula da <b>postoje Aviva vje\u017ebe<\/b> kreirane za pobolj\u0161anje zdravlja i funkcije ginekolo\u0161kih organa, osobito za \u017eene s neredovitim ciklusima i ote\u017eanim za\u010de\u0107em. Tako sam 2015. godine postala prvi instruktor Aviva vje\u017ebi, \u010dije treninge i redovito odr\u017eavam.<\/p>\n<p>Danas s ponosom mogu re\u0107i da sam <strong>majka<\/strong> dvoje djece.<\/p>\n<\/p>\n<p><strong style=\"font-family: var(--primary-font);\"><br \/><\/strong><\/p>\n<p><strong style=\"font-family: var(--primary-font);\">OBRAZOVANJE:<\/strong><\/p>\n<p>[ 2014 \u2013 2021 ] Diplomirani osteopat; Hrvatska akademija osteopatije<br \/>[ 2020 ] trening Dynamic Neuromodulation; Optimedic<br \/>[ 2017 ] Certified Practitioner of Leavel 2 NeuroKinetic Therapy; NeuroKinetic Therapy<br \/>[ 2016 ] Aviva Dance instruktor; Association of endocrine gymnastic<br \/>[ 2016 ] Certified Practitioner of Leavel 1 NeuroKinetic Therapy<br \/>[ 2015 ] Licencirani voditelj vje\u017ebi za trudnice i prepreme za poro\u0111aj, vje\u017ebi nakon poro\u0111aja i treninga mi\u0161i\u0107a zdjeli\u010dnog dna; Hrvatsko dru\u0161tvo za neonatolo\u0161ku, perinatolo\u0161ku i ginekolo\u0161ku fizioterapiju pri HZF-u<br \/>[ 2014 ] radionica Trigger to\u010dke; Hrvatski zbor fizioterapeuta<br \/>[ 2014 ] radionica Fizioterapijska prenatalna edukacija trudnica; Hrvatska udruga fizioterapeuta za zdravlje \u017eena<br \/>[ 2014 ] seminar Myofascial release Technique- Fascia 3; Dodirom do zdravlja<br \/>[ 2013 ] seminar Myofascial release Technique- Fascia 2; Dodirom do zdravlja<br \/>[ 2013 ] Manuelna limfdrena\u017ea po dr. Vodderu; Praktika Pollak<br \/>[ 2012 ] seminar Myofascial Release Technique- Fascia 1; Dodirom do zdravlja<br \/>[ 2012 ] Osnovni te\u010daj u\u010denja plivanja po Halliwick metodi; Plavalno Dru\u0161tvo Halliwick Slovenija<br \/>[ 2010 \u2013 2012 ] Prvostupnik fizioterapije; Zdravstveno veleu\u010dili\u0161te Zagreb<\/p>\n","protected":false},"excerpt":{"rendered":"<p>Viktorija Mi\u0161ura Ro\u0111ena sam u Zagrebu 1990. godine. \u017divjela sam i odrasla u Daruvaru gdje sam zavr\u0161ila Op\u0107u gimnaziju. Diplomirala sam na Stru\u010dnom studiju fizioterapije u Zagrebu 2012. godine. Pripravni\u010dki &hellip; <\/p>\n","protected":false},"author":1,"featured_media":0,"parent":0,"menu_order":0,"comment_status":"closed","ping_status":"closed","template":"","meta":{"footnotes":""},"class_list":["post-2","page","type-page","status-publish","hentry","latest_post"],"yoast_head":"<!-- This site is optimized with the Yoast SEO plugin v27.5 - https:\/\/yoast.com\/product\/yoast-seo-wordpress\/ -->\n<title>Biografija - Viktorija Mi&scaron;ura Consult &amp; Therapy<\/title>\n<meta name=\"robots\" content=\"index, follow, max-snippet:-1, max-image-preview:large, max-video-preview:-1\" \/>\n<link rel=\"canonical\" href=\"https:\/\/fizio-misura.com\/?page_id=2\" \/>\n<meta property=\"og:locale\" content=\"hr_HR\" \/>\n<meta property=\"og:type\" content=\"article\" \/>\n<meta property=\"og:title\" content=\"Biografija - Viktorija Mi&scaron;ura Consult &amp; Therapy\" \/>\n<meta property=\"og:description\" content=\"Viktorija Mi\u0161ura Ro\u0111ena sam u Zagrebu 1990. godine. \u017divjela sam i odrasla u Daruvaru gdje sam zavr\u0161ila Op\u0107u gimnaziju. Diplomirala sam na Stru\u010dnom studiju fizioterapije u Zagrebu 2012. godine. Pripravni\u010dki &hellip;\" \/>\n<meta property=\"og:url\" content=\"https:\/\/fizio-misura.com\/?page_id=2\" \/>\n<meta property=\"og:site_name\" content=\"Viktorija Mi&scaron;ura Consult &amp; Therapy\" \/>\n<meta property=\"article:modified_time\" content=\"2023-08-21T12:05:47+00:00\" \/>\n<meta property=\"og:image\" content=\"https:\/\/endointegra.com\/wp-content\/uploads\/2023\/08\/Modern-Profile-Photo-Instagram-Post-1024x1024.png\" \/>\n<meta name=\"twitter:card\" content=\"summary_large_image\" \/>\n<meta name=\"twitter:label1\" content=\"Procijenjeno vrijeme \u010ditanja\" \/>\n\t<meta name=\"twitter:data1\" content=\"4 minute\" \/>\n<script type=\"application\/ld+json\" class=\"yoast-schema-graph\">{\"@context\":\"https:\\\/\\\/schema.org\",\"@graph\":[{\"@type\":\"WebPage\",\"@id\":\"https:\\\/\\\/fizio-misura.com\\\/?page_id=2\",\"url\":\"https:\\\/\\\/fizio-misura.com\\\/?page_id=2\",\"name\":\"Biografija - Viktorija Mi&scaron;ura Consult &amp; Therapy\",\"isPartOf\":{\"@id\":\"https:\\\/\\\/fizio-misura.com\\\/#website\"},\"primaryImageOfPage\":{\"@id\":\"https:\\\/\\\/fizio-misura.com\\\/?page_id=2#primaryimage\"},\"image\":{\"@id\":\"https:\\\/\\\/fizio-misura.com\\\/?page_id=2#primaryimage\"},\"thumbnailUrl\":\"https:\\\/\\\/endointegra.com\\\/wp-content\\\/uploads\\\/2023\\\/08\\\/Modern-Profile-Photo-Instagram-Post-1024x1024.png\",\"datePublished\":\"2022-12-01T18:53:26+00:00\",\"dateModified\":\"2023-08-21T12:05:47+00:00\",\"breadcrumb\":{\"@id\":\"https:\\\/\\\/fizio-misura.com\\\/?page_id=2#breadcrumb\"},\"inLanguage\":\"hr\",\"potentialAction\":[{\"@type\":\"ReadAction\",\"target\":[\"https:\\\/\\\/fizio-misura.com\\\/?page_id=2\"]}]},{\"@type\":\"ImageObject\",\"inLanguage\":\"hr\",\"@id\":\"https:\\\/\\\/fizio-misura.com\\\/?page_id=2#primaryimage\",\"url\":\"https:\\\/\\\/endointegra.com\\\/wp-content\\\/uploads\\\/2023\\\/08\\\/Modern-Profile-Photo-Instagram-Post-1024x1024.png\",\"contentUrl\":\"https:\\\/\\\/endointegra.com\\\/wp-content\\\/uploads\\\/2023\\\/08\\\/Modern-Profile-Photo-Instagram-Post-1024x1024.png\"},{\"@type\":\"BreadcrumbList\",\"@id\":\"https:\\\/\\\/fizio-misura.com\\\/?page_id=2#breadcrumb\",\"itemListElement\":[{\"@type\":\"ListItem\",\"position\":1,\"name\":\"Po\u010detna stranica\",\"item\":\"https:\\\/\\\/fizio-misura.com\\\/\"},{\"@type\":\"ListItem\",\"position\":2,\"name\":\"Biografija\"}]},{\"@type\":\"WebSite\",\"@id\":\"https:\\\/\\\/fizio-misura.com\\\/#website\",\"url\":\"https:\\\/\\\/fizio-misura.com\\\/\",\"name\":\"Viktorija Mi&scaron;ura Consult &amp; Therapy\",\"description\":\"\",\"publisher\":{\"@id\":\"https:\\\/\\\/fizio-misura.com\\\/#organization\"},\"potentialAction\":[{\"@type\":\"SearchAction\",\"target\":{\"@type\":\"EntryPoint\",\"urlTemplate\":\"https:\\\/\\\/fizio-misura.com\\\/?s={search_term_string}\"},\"query-input\":{\"@type\":\"PropertyValueSpecification\",\"valueRequired\":true,\"valueName\":\"search_term_string\"}}],\"inLanguage\":\"hr\"},{\"@type\":\"Organization\",\"@id\":\"https:\\\/\\\/fizio-misura.com\\\/#organization\",\"name\":\"Viktorija Mi&scaron;ura Consult &amp; Therapy\",\"url\":\"https:\\\/\\\/fizio-misura.com\\\/\",\"logo\":{\"@type\":\"ImageObject\",\"inLanguage\":\"hr\",\"@id\":\"https:\\\/\\\/fizio-misura.com\\\/#\\\/schema\\\/logo\\\/image\\\/\",\"url\":\"https:\\\/\\\/fizio-misura.com\\\/wp-content\\\/uploads\\\/2024\\\/07\\\/Horizontal-Full-Lockup-Monotone-Black.jpg\",\"contentUrl\":\"https:\\\/\\\/fizio-misura.com\\\/wp-content\\\/uploads\\\/2024\\\/07\\\/Horizontal-Full-Lockup-Monotone-Black.jpg\",\"width\":1380,\"height\":403,\"caption\":\"Viktorija Mi&scaron;ura Consult &amp; Therapy\"},\"image\":{\"@id\":\"https:\\\/\\\/fizio-misura.com\\\/#\\\/schema\\\/logo\\\/image\\\/\"}}]}<\/script>\n<!-- \/ Yoast SEO plugin. -->","yoast_head_json":{"title":"Biografija - Viktorija Mi&scaron;ura Consult &amp; Therapy","robots":{"index":"index","follow":"follow","max-snippet":"max-snippet:-1","max-image-preview":"max-image-preview:large","max-video-preview":"max-video-preview:-1"},"canonical":"https:\/\/fizio-misura.com\/?page_id=2","og_locale":"hr_HR","og_type":"article","og_title":"Biografija - Viktorija Mi&scaron;ura Consult &amp; Therapy","og_description":"Viktorija Mi\u0161ura Ro\u0111ena sam u Zagrebu 1990. godine. \u017divjela sam i odrasla u Daruvaru gdje sam zavr\u0161ila Op\u0107u gimnaziju. Diplomirala sam na Stru\u010dnom studiju fizioterapije u Zagrebu 2012. godine. Pripravni\u010dki &hellip;","og_url":"https:\/\/fizio-misura.com\/?page_id=2","og_site_name":"Viktorija Mi&scaron;ura Consult &amp; Therapy","article_modified_time":"2023-08-21T12:05:47+00:00","og_image":[{"url":"https:\/\/endointegra.com\/wp-content\/uploads\/2023\/08\/Modern-Profile-Photo-Instagram-Post-1024x1024.png","type":"","width":"","height":""}],"twitter_card":"summary_large_image","twitter_misc":{"Procijenjeno vrijeme \u010ditanja":"4 minute"},"schema":{"@context":"https:\/\/schema.org","@graph":[{"@type":"WebPage","@id":"https:\/\/fizio-misura.com\/?page_id=2","url":"https:\/\/fizio-misura.com\/?page_id=2","name":"Biografija - Viktorija Mi&scaron;ura Consult &amp; Therapy","isPartOf":{"@id":"https:\/\/fizio-misura.com\/#website"},"primaryImageOfPage":{"@id":"https:\/\/fizio-misura.com\/?page_id=2#primaryimage"},"image":{"@id":"https:\/\/fizio-misura.com\/?page_id=2#primaryimage"},"thumbnailUrl":"https:\/\/endointegra.com\/wp-content\/uploads\/2023\/08\/Modern-Profile-Photo-Instagram-Post-1024x1024.png","datePublished":"2022-12-01T18:53:26+00:00","dateModified":"2023-08-21T12:05:47+00:00","breadcrumb":{"@id":"https:\/\/fizio-misura.com\/?page_id=2#breadcrumb"},"inLanguage":"hr","potentialAction":[{"@type":"ReadAction","target":["https:\/\/fizio-misura.com\/?page_id=2"]}]},{"@type":"ImageObject","inLanguage":"hr","@id":"https:\/\/fizio-misura.com\/?page_id=2#primaryimage","url":"https:\/\/endointegra.com\/wp-content\/uploads\/2023\/08\/Modern-Profile-Photo-Instagram-Post-1024x1024.png","contentUrl":"https:\/\/endointegra.com\/wp-content\/uploads\/2023\/08\/Modern-Profile-Photo-Instagram-Post-1024x1024.png"},{"@type":"BreadcrumbList","@id":"https:\/\/fizio-misura.com\/?page_id=2#breadcrumb","itemListElement":[{"@type":"ListItem","position":1,"name":"Po\u010detna stranica","item":"https:\/\/fizio-misura.com\/"},{"@type":"ListItem","position":2,"name":"Biografija"}]},{"@type":"WebSite","@id":"https:\/\/fizio-misura.com\/#website","url":"https:\/\/fizio-misura.com\/","name":"Viktorija Mi&scaron;ura Consult &amp; Therapy","description":"","publisher":{"@id":"https:\/\/fizio-misura.com\/#organization"},"potentialAction":[{"@type":"SearchAction","target":{"@type":"EntryPoint","urlTemplate":"https:\/\/fizio-misura.com\/?s={search_term_string}"},"query-input":{"@type":"PropertyValueSpecification","valueRequired":true,"valueName":"search_term_string"}}],"inLanguage":"hr"},{"@type":"Organization","@id":"https:\/\/fizio-misura.com\/#organization","name":"Viktorija Mi&scaron;ura Consult &amp; Therapy","url":"https:\/\/fizio-misura.com\/","logo":{"@type":"ImageObject","inLanguage":"hr","@id":"https:\/\/fizio-misura.com\/#\/schema\/logo\/image\/","url":"https:\/\/fizio-misura.com\/wp-content\/uploads\/2024\/07\/Horizontal-Full-Lockup-Monotone-Black.jpg","contentUrl":"https:\/\/fizio-misura.com\/wp-content\/uploads\/2024\/07\/Horizontal-Full-Lockup-Monotone-Black.jpg","width":1380,"height":403,"caption":"Viktorija Mi&scaron;ura Consult &amp; Therapy"},"image":{"@id":"https:\/\/fizio-misura.com\/#\/schema\/logo\/image\/"}}]}},"_links":{"self":[{"href":"https:\/\/fizio-misura.com\/index.php?rest_route=\/wp\/v2\/pages\/2","targetHints":{"allow":["GET"]}}],"collection":[{"href":"https:\/\/fizio-misura.com\/index.php?rest_route=\/wp\/v2\/pages"}],"about":[{"href":"https:\/\/fizio-misura.com\/index.php?rest_route=\/wp\/v2\/types\/page"}],"author":[{"embeddable":true,"href":"https:\/\/fizio-misura.com\/index.php?rest_route=\/wp\/v2\/users\/1"}],"replies":[{"embeddable":true,"href":"https:\/\/fizio-misura.com\/index.php?rest_route=%2Fwp%2Fv2%2Fcomments&post=2"}],"version-history":[{"count":87,"href":"https:\/\/fizio-misura.com\/index.php?rest_route=\/wp\/v2\/pages\/2\/revisions"}],"predecessor-version":[{"id":3744,"href":"https:\/\/fizio-misura.com\/index.php?rest_route=\/wp\/v2\/pages\/2\/revisions\/3744"}],"wp:attachment":[{"href":"https:\/\/fizio-misura.com\/index.php?rest_route=%2Fwp%2Fv2%2Fmedia&parent=2"}],"curies":[{"name":"wp","href":"https:\/\/api.w.org\/{rel}","templated":true}]}}